{"id":16,"date":"2013-01-20T14:59:35","date_gmt":"2013-01-20T14:59:35","guid":{"rendered":"http:\/\/www.chateaudeslys.net\/?page_id=16"},"modified":"2024-08-05T15:54:18","modified_gmt":"2024-08-05T15:54:18","slug":"bouw-je-droom","status":"publish","type":"page","link":"https:\/\/www.chateaudeslys.com\/fr\/","title":{"rendered":"Accueil"},"content":{"rendered":"<p><span style=\"vertical-align: inherit;\"><span style=\"vertical-align: inherit;\"><span style=\"vertical-align: inherit;\"><span style=\"vertical-align: inherit;\">[vc_row][vc_column][vc_column_text][vc_row][vc_column width=\u00a0\u00bb1\/1&Prime;][vc_column_text]<\/span><\/span><\/span><\/span><\/p>\n<p><span style=\"vertical-align: inherit;\"><span style=\"vertical-align: inherit;\"><span style=\"vertical-align: inherit;\"><span style=\"vertical-align: inherit;\">Marc et Laure Jouffrault vous accueillent au Ch\u00e2teau des Lys &#8211; un majestueux pavillon de chasse du XIXe si\u00e8cle nich\u00e9 dans un magnifique parc et bois de 6 hectares \u00e0 l&rsquo;estuaire de la Somme. <\/span><\/span><\/span><span style=\"vertical-align: inherit;\"><span style=\"vertical-align: inherit;\"><span style=\"vertical-align: inherit;\">Le ch\u00e2teau se trouve A 1h30 de Paris et de Lille, parfaitement situ\u00e9 dans l&rsquo;une des plus belles r\u00e9gions de France les plus inconnues, c\u00e9l\u00e8bres pour sa gastronomie, sa beaut\u00e9, sa nature et son histoire. <\/span><\/span><\/span><span style=\"vertical-align: inherit;\"><span style=\"vertical-align: inherit;\"><span style=\"vertical-align: inherit;\">Saint-Valery sur Somme, Abbeville et Le Crotoy sont tous \u00e0 une courte distance en voiture. <\/span><\/span><\/span><\/span><br \/>\n<span style=\"vertical-align: inherit;\"><span style=\"vertical-align: inherit;\"><span style=\"vertical-align: inherit;\"><span style=\"vertical-align: inherit;\">Nous sommes sp\u00e9cialis\u00e9s dans les appartements de vacances ind\u00e9pendants, les groupes, les r\u00e9unions de famille et autres. <\/span><\/span><\/span><span style=\"vertical-align: inherit;\"><span style=\"vertical-align: inherit;\"><span style=\"vertical-align: inherit;\">\u00a0Nos 4 g\u00eetes peuvent accueillir environ 20 \u00e0 25 personnes en h\u00e9bergement de groupe ou en location individuelle avec<\/span><\/span><\/span><\/span><span style=\"vertical-align: inherit;\"><span style=\"vertical-align: inherit;\"> suite de r\u00e9ception, propos\u00e9e uniquement aux occupants des g\u00eetes, accueillant 60 personnes. <\/span><\/span><span style=\"vertical-align: inherit;\"><span style=\"vertical-align: inherit;\"><span style=\"vertical-align: inherit;\">\u00a0<\/span><\/span><\/span><span style=\"vertical-align: inherit;\"><span style=\"vertical-align: inherit;\"><span style=\"vertical-align: inherit;\">Si n\u00e9cessaire, des couchages suppl\u00e9mentaires peuvent \u00eatre fournis par d&rsquo;autres \u00e9tablissements \u00e0 proximit\u00e9. <\/span><span style=\"vertical-align: inherit;\">Avec la suite de r\u00e9ception, <\/span><\/span><\/span><span style=\"vertical-align: inherit;\"><span style=\"vertical-align: inherit;\"><span style=\"vertical-align: inherit;\">nous avons mis en place une grande cuisine enti\u00e8rement \u00e9quip\u00e9e\u00a0; <\/span><\/span><\/span><span style=\"vertical-align: inherit;\"><span style=\"vertical-align: inherit;\"><span style=\"vertical-align: inherit;\">\u00a0les prix sont disponibles sur demande. <\/span><\/span><\/span><span style=\"vertical-align: inherit;\"><span style=\"vertical-align: inherit;\"><span style=\"vertical-align: inherit;\">Merci pour votre visite.<\/span><\/span><\/span><\/p>\n<p>&nbsp;<\/p>\n<p>&nbsp;<\/p>\n<p><em> <span style=\"vertical-align: inherit;\"><span style=\"vertical-align: inherit;\"><span style=\"vertical-align: inherit;\">Le Ch\u00e2teau des Lys appartenait \u00e0 Tim &amp; Margreeth Alexander et a \u00e9t\u00e9 pr\u00e9sent\u00e9 dans 4 saisons de la s\u00e9rie t\u00e9l\u00e9vis\u00e9e anglaise Escape to the Ch\u00e2teau DIY et Ch\u00e2teau DIY&#8230;.<\/span><\/span><\/span><\/em><\/p>\n<p>&nbsp;<\/p>","protected":false},"excerpt":{"rendered":"<p>[vc_row][vc_column][vc_column_text][vc_row][vc_column width=\u00a0\u00bb1\/1&Prime;][vc_column_text] Marc et Laure Jouffrault vous accueillent au Ch\u00e2teau des Lys &#8211; un majestueux pavillon de chasse du XIXe si\u00e8cle nich\u00e9 dans un magnifique parc et bois de 6 hectares \u00e0 l&rsquo;estuaire de la Somme. Le ch\u00e2teau se trouve A 1h30 de Paris et de Lille, parfaitement situ\u00e9 dans l&rsquo;une des plus belles r\u00e9gions de France les plus inconnues, &hellip;<span class=\"more-link\"><a href=\"https:\/\/www.chateaudeslys.com\/fr\/\"><span class=\"button\">Continue reading &rarr;<\/span><\/a><\/span><\/p>\n","protected":false},"author":1,"featured_media":1981,"parent":0,"menu_order":0,"comment_status":"closed","ping_status":"closed","template":"page-home.php","meta":[],"acf":[],"yoast_head":"<!-- This site is optimized with the Yoast SEO plugin v18.7 - https:\/\/yoast.com\/wordpress\/plugins\/seo\/ -->\n<title>Chateau des Lys Picardie Grand gites, Mariages, Ev\u00e8nements, Famille,<\/title>\n<meta name=\"description\" content=\"Le Chateau des Lys- une destination de vacances paisible et un lieu de mariage id\u00e9al entour\u00e9 de parc et de bois, familiale et tranquil\" \/>\n<meta name=\"robots\" content=\"index, follow, max-snippet:-1, max-image-preview:large, max-video-preview:-1\" \/>\n<link rel=\"canonical\" href=\"https:\/\/www.chateaudeslys.com\/\" \/>\n<meta property=\"og:locale\" content=\"fr_FR\" \/>\n<meta property=\"og:type\" content=\"article\" \/>\n<meta property=\"og:title\" content=\"https:\/\/www.facebook.com\/chateaudeslysfr\/\" \/>\n<meta property=\"og:description\" content=\"This impressive 19th century Picard country house lying in its 14 acres of grounds offers an ideal place to getaway, relax and chill and a perfect base for exploring the beautiful Somme Valley.\" \/>\n<meta property=\"og:url\" content=\"https:\/\/www.chateaudeslys.com\/\" \/>\n<meta property=\"og:site_name\" content=\"Escape To Chateau DIY - Mariages, Ev\u00e8nements, Famille - Ch\u00e2teau des Lys Picardie\" \/>\n<meta property=\"article:publisher\" content=\"https:\/\/www.facebook.com\/chateaudeslysfr\/\" \/>\n<meta property=\"article:modified_time\" content=\"2024-08-05T15:54:18+00:00\" \/>\n<meta name=\"twitter:card\" content=\"summary_large_image\" \/>\n<meta name=\"twitter:image\" content=\"https:\/\/www.chateaudeslys.com\/wp-content\/uploads\/chateau-des-lys-france.jpg\" \/>\n<meta name=\"twitter:site\" content=\"@ChateaudeslysEn\" \/>\n<meta name=\"twitter:label1\" content=\"Dur\u00e9e de lecture estim\u00e9e\" \/>\n\t<meta name=\"twitter:data1\" content=\"2 minutes\" \/>\n<script type=\"application\/ld+json\" class=\"yoast-schema-graph\">{\"@context\":\"https:\/\/schema.org\",\"@graph\":[{\"@type\":\"WebSite\",\"@id\":\"https:\/\/www.chateaudeslys.com\/fr\/#website\",\"url\":\"https:\/\/www.chateaudeslys.com\/fr\/\",\"name\":\"Escape To Chateau DIY - Mariages, Ev\u00e8nements, Famille - Ch\u00e2teau des Lys Picardie\",\"description\":\"Un lieu id\u00e9al pour s&#039;\u00e9vader, se d\u00e9tendre et se d\u00e9tendre. Il constitue un pied-\u00e0-terre id\u00e9al pour explorer la magnifique vall\u00e9e de la Somme pendant les vacances.\",\"potentialAction\":[{\"@type\":\"SearchAction\",\"target\":{\"@type\":\"EntryPoint\",\"urlTemplate\":\"https:\/\/www.chateaudeslys.com\/fr\/?s={search_term_string}\"},\"query-input\":\"required name=search_term_string\"}],\"inLanguage\":\"fr-FR\"},{\"@type\":\"ImageObject\",\"inLanguage\":\"fr-FR\",\"@id\":\"https:\/\/www.chateaudeslys.com\/#primaryimage\",\"url\":\"\",\"contentUrl\":\"\"},{\"@type\":\"WebPage\",\"@id\":\"https:\/\/www.chateaudeslys.com\/#webpage\",\"url\":\"https:\/\/www.chateaudeslys.com\/\",\"name\":\"[:en]Escape to Chateau DIY, Weddings, Family & Group Events[:nl]Chateau des lys van Bouw je Droom op Net 5 is een prachtig vakantie plek[:fr]Chateau des Lys Picardie Grand gites, Mariages, Ev\u00e8nements, Famille, [:]\",\"isPartOf\":{\"@id\":\"https:\/\/www.chateaudeslys.com\/fr\/#website\"},\"primaryImageOfPage\":{\"@id\":\"https:\/\/www.chateaudeslys.com\/#primaryimage\"},\"datePublished\":\"2013-01-20T14:59:35+00:00\",\"dateModified\":\"2024-08-05T15:54:18+00:00\",\"description\":\"{:en}Ch\u00e2teau des Lys, is surrounded by 14 acres of park and woodland with a duckpond, sheep field, trampolines, a fire circle, a swimming pool and many other amenities. We'd like to welcome you to our family home offering 5 B&B rooms and 4 self- catering gites. {:nl}Chateau des Lys (Bouw je Droom) omgevendoor bossen en park aan de prachtige monding van de Somme is een geweldige vakantie plek voor iedereen{:fr}Le Chateau des Lys- une destination de vacances paisible et un lieu de mariage id\u00e9al entour\u00e9 de parc et de bois, familiale et tranquil{:}\",\"breadcrumb\":{\"@id\":\"https:\/\/www.chateaudeslys.com\/#breadcrumb\"},\"inLanguage\":\"fr-FR\",\"potentialAction\":[{\"@type\":\"ReadAction\",\"target\":[\"https:\/\/www.chateaudeslys.com\/\"]}]},{\"@type\":\"BreadcrumbList\",\"@id\":\"https:\/\/www.chateaudeslys.com\/#breadcrumb\",\"itemListElement\":[{\"@type\":\"ListItem\",\"position\":1,\"name\":\"Home\",\"item\":\"https:\/\/www.chateaudeslys.com\/\"},{\"@type\":\"ListItem\",\"position\":2,\"name\":\"Home\"}]}]}<\/script>\n<!-- \/ Yoast SEO plugin. -->","yoast_head_json":{"title":"Chateau des Lys Picardie Grand gites, Mariages, Ev\u00e8nements, Famille,","description":"Le Chateau des Lys- une destination de vacances paisible et un lieu de mariage id\u00e9al entour\u00e9 de parc et de bois, familiale et tranquil","robots":{"index":"index","follow":"follow","max-snippet":"max-snippet:-1","max-image-preview":"max-image-preview:large","max-video-preview":"max-video-preview:-1"},"canonical":"https:\/\/www.chateaudeslys.com\/","og_locale":"fr_FR","og_type":"article","og_title":"https:\/\/www.facebook.com\/chateaudeslysfr\/","og_description":"This impressive 19th century Picard country house lying in its 14 acres of grounds offers an ideal place to getaway, relax and chill and a perfect base for exploring the beautiful Somme Valley.","og_url":"https:\/\/www.chateaudeslys.com\/","og_site_name":"Escape To Chateau DIY - Mariages, Ev\u00e8nements, Famille - Ch\u00e2teau des Lys Picardie","article_publisher":"https:\/\/www.facebook.com\/chateaudeslysfr\/","article_modified_time":"2024-08-05T15:54:18+00:00","twitter_card":"summary_large_image","twitter_image":"https:\/\/www.chateaudeslys.com\/wp-content\/uploads\/chateau-des-lys-france.jpg","twitter_site":"@ChateaudeslysEn","twitter_misc":{"Dur\u00e9e de lecture estim\u00e9e":"2 minutes"},"schema":{"@context":"https:\/\/schema.org","@graph":[{"@type":"WebSite","@id":"https:\/\/www.chateaudeslys.com\/fr\/#website","url":"https:\/\/www.chateaudeslys.com\/fr\/","name":"Escape To Chateau DIY - Mariages, Ev\u00e8nements, Famille - Ch\u00e2teau des Lys Picardie","description":"Un lieu id\u00e9al pour s&#039;\u00e9vader, se d\u00e9tendre et se d\u00e9tendre. Il constitue un pied-\u00e0-terre id\u00e9al pour explorer la magnifique vall\u00e9e de la Somme pendant les vacances.","potentialAction":[{"@type":"SearchAction","target":{"@type":"EntryPoint","urlTemplate":"https:\/\/www.chateaudeslys.com\/fr\/?s={search_term_string}"},"query-input":"required name=search_term_string"}],"inLanguage":"fr-FR"},{"@type":"ImageObject","inLanguage":"fr-FR","@id":"https:\/\/www.chateaudeslys.com\/#primaryimage","url":"","contentUrl":""},{"@type":"WebPage","@id":"https:\/\/www.chateaudeslys.com\/#webpage","url":"https:\/\/www.chateaudeslys.com\/","name":"[:en]Escape to Chateau DIY, Weddings, Family & Group Events[:nl]Chateau des lys van Bouw je Droom op Net 5 is een prachtig vakantie plek[:fr]Chateau des Lys Picardie Grand gites, Mariages, Ev\u00e8nements, Famille, [:]","isPartOf":{"@id":"https:\/\/www.chateaudeslys.com\/fr\/#website"},"primaryImageOfPage":{"@id":"https:\/\/www.chateaudeslys.com\/#primaryimage"},"datePublished":"2013-01-20T14:59:35+00:00","dateModified":"2024-08-05T15:54:18+00:00","description":"{:en}Ch\u00e2teau des Lys, is surrounded by 14 acres of park and woodland with a duckpond, sheep field, trampolines, a fire circle, a swimming pool and many other amenities. We'd like to welcome you to our family home offering 5 B&B rooms and 4 self- catering gites. {:nl}Chateau des Lys (Bouw je Droom) omgevendoor bossen en park aan de prachtige monding van de Somme is een geweldige vakantie plek voor iedereen{:fr}Le Chateau des Lys- une destination de vacances paisible et un lieu de mariage id\u00e9al entour\u00e9 de parc et de bois, familiale et tranquil{:}","breadcrumb":{"@id":"https:\/\/www.chateaudeslys.com\/#breadcrumb"},"inLanguage":"fr-FR","potentialAction":[{"@type":"ReadAction","target":["https:\/\/www.chateaudeslys.com\/"]}]},{"@type":"BreadcrumbList","@id":"https:\/\/www.chateaudeslys.com\/#breadcrumb","itemListElement":[{"@type":"ListItem","position":1,"name":"Home","item":"https:\/\/www.chateaudeslys.com\/"},{"@type":"ListItem","position":2,"name":"Home"}]}]}},"_links":{"self":[{"href":"https:\/\/www.chateaudeslys.com\/fr\/wp-json\/wp\/v2\/pages\/16"}],"collection":[{"href":"https:\/\/www.chateaudeslys.com\/fr\/wp-json\/wp\/v2\/pages"}],"about":[{"href":"https:\/\/www.chateaudeslys.com\/fr\/wp-json\/wp\/v2\/types\/page"}],"author":[{"embeddable":true,"href":"https:\/\/www.chateaudeslys.com\/fr\/wp-json\/wp\/v2\/users\/1"}],"replies":[{"embeddable":true,"href":"https:\/\/www.chateaudeslys.com\/fr\/wp-json\/wp\/v2\/comments?post=16"}],"version-history":[{"count":98,"href":"https:\/\/www.chateaudeslys.com\/fr\/wp-json\/wp\/v2\/pages\/16\/revisions"}],"predecessor-version":[{"id":2703,"href":"https:\/\/www.chateaudeslys.com\/fr\/wp-json\/wp\/v2\/pages\/16\/revisions\/2703"}],"wp:featuredmedia":[{"embeddable":true,"href":"https:\/\/www.chateaudeslys.com\/fr\/wp-json\/wp\/v2\/media\/1981"}],"wp:attachment":[{"href":"https:\/\/www.chateaudeslys.com\/fr\/wp-json\/wp\/v2\/media?parent=16"}],"curies":[{"name":"wp","href":"https:\/\/api.w.org\/{rel}","templated":true}]}}