{"id":163,"date":"2013-03-08T20:12:17","date_gmt":"2013-03-08T20:12:17","guid":{"rendered":"https:\/\/www.chateaudeslys.com\/?page_id=163"},"modified":"2024-08-05T15:44:51","modified_gmt":"2024-08-05T15:44:51","slug":"prices","status":"publish","type":"page","link":"https:\/\/www.chateaudeslys.com\/fr\/prices\/","title":{"rendered":"Prix"},"content":{"rendered":"<p><\/p>\n<table class=\"prijzen\" style=\"height: 383px;\" width=\"640\">\n<tbody>\n<tr>\n<th><\/th>\n<th>\n<h1><span style=\"vertical-align: inherit;\"><span style=\"vertical-align: inherit;\">Nos G\u00eetes<\/span><\/span><\/h1>\n<\/th>\n<\/tr>\n<tr>\n<td><span style=\"vertical-align: inherit;\"><span style=\"vertical-align: inherit;\">G\u00eete Studio<\/span><\/span><\/td>\n<td colspan=\"3\"><span style=\"vertical-align: inherit;\"><span style=\"vertical-align: inherit;\">Prix \u200b\u200bSaison haute semaine 495 \u20ac Saison bas semaine 350 \u20ac week-end 300 \u20ac<\/span><\/span><\/td>\n<\/tr>\n<tr>\n<td><span style=\"vertical-align: inherit;\"><span style=\"vertical-align: inherit;\">G\u00eete Champ\u00eatre<\/span><\/span><\/td>\n<td colspan=\"3\"><span style=\"vertical-align: inherit;\"><span style=\"vertical-align: inherit;\">Prix \u200b\u200bSaison haute semaine 825 \u20ac Saison bas semaine 620 \u20ac week-end 450 \u20ac<\/span><\/span><\/td>\n<\/tr>\n<tr>\n<td><span style=\"vertical-align: inherit;\"><span style=\"vertical-align: inherit;\">G\u00eetes Cottage &amp; Grenier<\/span><\/span><\/td>\n<td colspan=\"3\"><span style=\"vertical-align: inherit;\"><span style=\"vertical-align: inherit;\">Prix \u200b\u200bSaison haute semaine 995 \u20ac Saison bas semaine 700 \u20ac week-end 500 \u20ac Pour un devis pour l&rsquo;utilisation du ch\u00e2teau comme h\u00e9bergement de groupe, remplissez le formulaire de r\u00e9servation ci-dessous<\/span><\/span><\/td>\n<\/tr>\n<\/tbody>\n<\/table>\n<p><span style=\"vertical-align: inherit;\"><span style=\"vertical-align: inherit;\">Les co\u00fbts pour le nettoyage des g\u00eetes sont de 50 \u20ac pour Gite Cottage, Gite Grenier et Gite Champ\u00eatre et 35 \u20ac pour Gite Studio R\u00e8glement en esp\u00e8ces. <\/span><span style=\"vertical-align: inherit;\">Avance et acompte possibles par virements. <\/span><span style=\"vertical-align: inherit;\">Nous n&rsquo;acceptons pas des cartes bancaires mais un distributeur de billets est situ\u00e9 \u00e0 proximit\u00e9. <\/span><span style=\"vertical-align: inherit;\">Des chaises et lits b\u00e9b\u00e9 d&rsquo;appoint et des cheveux secs sont disponibles \u00e0 la demande. <\/span><span style=\"vertical-align: inherit;\">L&rsquo;arriv\u00e9e 16.00h &#8211; 19.00h et d\u00e9part avant 11.00h.<\/span><span style=\"vertical-align: inherit;\">\u00a0<\/span><span style=\"vertical-align: inherit;\">Si vous avez besoin d&rsquo;un devis pour votre groupe, veuillez remplir le formulaire de r\u00e9servation ci-dessous. <\/span><span style=\"vertical-align: inherit;\">Nous avons une capacit\u00e9 d&rsquo;environ 25 places (voire plus) disponibles aupr\u00e8s de nos confr\u00e8res \u00e0 proximit\u00e9 dans le village. <\/span><span style=\"vertical-align: inherit;\">Notre salle de r\u00e9ception peut accueillir 60 personnes. Nous sommes \u00e0 votre disposition pour tout autre renseignement ou demande de votre part.<\/span><\/span><\/p>\n<h3 style=\"text-align: left;\"><span style=\"vertical-align: inherit;\"><span style=\"vertical-align: inherit;\">Faites votre r\u00e9servation ici\u00a0:<\/span><\/span><\/h3>\n<p><span style=\"vertical-align: inherit;\"><span style=\"vertical-align: inherit;\"><div role=\"form\" class=\"wpcf7\" id=\"wpcf7-f2260-o3\" lang=\"en-US\" dir=\"ltr\">\n<div class=\"screen-reader-response\"><p role=\"status\" aria-live=\"polite\" aria-atomic=\"true\"><\/p> <ul><\/ul><\/div>\n<form action=\"\/fr\/wp-json\/wp\/v2\/pages\/163#wpcf7-f2260-o3\" method=\"post\" class=\"wpcf7-form init\" novalidate=\"novalidate\" data-status=\"init\">\n<div style=\"display: none;\">\n<input type=\"hidden\" name=\"_wpcf7\" value=\"2260\" \/>\n<input type=\"hidden\" name=\"_wpcf7_version\" value=\"5.5.6\" \/>\n<input type=\"hidden\" name=\"_wpcf7_locale\" value=\"en_US\" \/>\n<input type=\"hidden\" name=\"_wpcf7_unit_tag\" value=\"wpcf7-f2260-o3\" \/>\n<input type=\"hidden\" name=\"_wpcf7_container_post\" value=\"0\" \/>\n<input type=\"hidden\" name=\"_wpcf7_posted_data_hash\" value=\"\" \/>\n<\/div>\n<p><label><span class=\"wpcf7-form-control-wrap your-name\"><input type=\"text\" name=\"your-name\" value=\"\" size=\"40\" class=\"wpcf7-form-control wpcf7-text wpcf7-validates-as-required\" aria-required=\"true\" aria-invalid=\"false\" placeholder=\"Votre Nom (required)\" \/><\/span> <\/label><br \/>\n<label><span class=\"wpcf7-form-control-wrap your-email\"><input type=\"email\" name=\"your-email\" value=\"\" size=\"40\" class=\"wpcf7-form-control wpcf7-text wpcf7-email wpcf7-validates-as-required wpcf7-validates-as-email\" aria-required=\"true\" aria-invalid=\"false\" placeholder=\"Votre Email (required)\" \/><\/span> <\/label><br \/>\n<label><span class=\"wpcf7-form-control-wrap text-320\"><input type=\"text\" name=\"text-320\" value=\"\" size=\"40\" class=\"wpcf7-form-control wpcf7-text\" aria-invalid=\"false\" placeholder=\"Code de Pays (Country) Example (+44)\" \/><\/span><\/label><label> <span class=\"wpcf7-form-control-wrap tel-225\"><input type=\"tel\" name=\"tel-225\" value=\"\" size=\"40\" class=\"wpcf7-form-control wpcf7-text wpcf7-tel wpcf7-validates-as-tel\" aria-invalid=\"false\" placeholder=\"T\u00e9l\u00e9phone\" \/><\/span><\/label><br \/>\n<label><span class=\"wpcf7-form-control-wrap date-332\"><input type=\"text\" name=\"date-332\" value=\"\" size=\"40\" class=\"wpcf7-form-control wpcf7-date\" placeholder=\"Quelle date?\" \/> <\/span> <\/label><br \/>\n<label><span class=\"wpcf7-form-control-wrap menu-683\"><select name=\"menu-683\" class=\"wpcf7-form-control wpcf7-select\" aria-invalid=\"false\"><option value=\"Combien des personnes?\">Combien des personnes?<\/option><option value=\"1\">1<\/option><option value=\"2\">2<\/option><option value=\"3\">3<\/option><option value=\"4\">4<\/option><option value=\"5\">5<\/option><option value=\"6\">6<\/option><option value=\"7\">7<\/option><option value=\"8\">8<\/option><option value=\"9\">9<\/option><option value=\"10+\">10+<\/option><option value=\"20+\">20+<\/option><option value=\"30+\">30+<\/option><option value=\"40+\">40+<\/option><option value=\"50+\">50+<\/option><option value=\"60+\">60+<\/option><\/select><\/span>&nbsp;<span class=\"wpcf7-form-control-wrap menu-693\"><select name=\"menu-693\" class=\"wpcf7-form-control wpcf7-select\" aria-invalid=\"false\"><option value=\"Combien de nuits?\">Combien de nuits?<\/option><option value=\"1\">1<\/option><option value=\"2\">2<\/option><option value=\"3\">3<\/option><option value=\"4\">4<\/option><option value=\"5\">5<\/option><option value=\"6\">6<\/option><option value=\"7\">7<\/option><option value=\"8\">8<\/option><option value=\"9\">9<\/option><option value=\"10\">10<\/option><\/select><\/span><\/label><br \/>\n&nbsp;<br \/>\n<input type=\"submit\" value=\"Send\" class=\"wpcf7-form-control has-spinner wpcf7-submit\" \/><\/p>\n<div class=\"wpcf7-response-output\" aria-hidden=\"true\"><\/div><\/form><\/div><\/span><\/span><\/p>","protected":false},"excerpt":{"rendered":"<p>Nos G\u00eetes G\u00eete Studio Prix \u200b\u200bSaison haute semaine 495 \u20ac Saison bas semaine 350 \u20ac week-end 300 \u20ac G\u00eete Champ\u00eatre Prix \u200b\u200bSaison haute semaine 825 \u20ac Saison bas semaine 620 \u20ac week-end 450 \u20ac G\u00eetes Cottage &amp; Grenier Prix \u200b\u200bSaison haute semaine 995 \u20ac Saison bas semaine 700 \u20ac week-end 500 \u20ac Pour un devis pour l&rsquo;utilisation du ch\u00e2teau comme &hellip;<span class=\"more-link\"><a href=\"https:\/\/www.chateaudeslys.com\/fr\/prices\/\"><span class=\"button\">Continue reading &rarr;<\/span><\/a><\/span><\/p>\n","protected":false},"author":1,"featured_media":0,"parent":0,"menu_order":1,"comment_status":"closed","ping_status":"closed","template":"","meta":[],"acf":[],"yoast_head":"<!-- This site is optimized with the Yoast SEO plugin v18.7 - https:\/\/yoast.com\/wordpress\/plugins\/seo\/ -->\n<title>Prix - Escape To Chateau DIY - Mariages, Ev\u00e8nements, Famille - Ch\u00e2teau des Lys Picardie<\/title>\n<meta name=\"robots\" content=\"index, follow, max-snippet:-1, max-image-preview:large, max-video-preview:-1\" \/>\n<link rel=\"canonical\" href=\"https:\/\/www.chateaudeslys.com\/prices\/\" \/>\n<meta property=\"og:locale\" content=\"fr_FR\" \/>\n<meta property=\"og:type\" content=\"article\" \/>\n<meta property=\"og:title\" content=\"Prix - Escape To Chateau DIY - Mariages, Ev\u00e8nements, Famille - Ch\u00e2teau des Lys Picardie\" \/>\n<meta property=\"og:description\" content=\"Nos G\u00eetes G\u00eete Studio Prix \u200b\u200bSaison haute semaine 495 \u20ac Saison bas semaine 350 \u20ac week-end 300 \u20ac G\u00eete Champ\u00eatre Prix \u200b\u200bSaison haute semaine 825 \u20ac Saison bas semaine 620 \u20ac week-end 450 \u20ac G\u00eetes Cottage &amp; Grenier Prix \u200b\u200bSaison haute semaine 995 \u20ac Saison bas semaine 700 \u20ac week-end 500 \u20ac Pour un devis pour l&rsquo;utilisation du ch\u00e2teau comme &hellip;Continue reading &rarr;\" \/>\n<meta property=\"og:url\" content=\"https:\/\/www.chateaudeslys.com\/prices\/\" \/>\n<meta property=\"og:site_name\" content=\"Escape To Chateau DIY - Mariages, Ev\u00e8nements, Famille - Ch\u00e2teau des Lys Picardie\" \/>\n<meta property=\"article:publisher\" content=\"https:\/\/www.facebook.com\/chateaudeslysfr\/\" \/>\n<meta property=\"article:modified_time\" content=\"2024-08-05T15:44:51+00:00\" \/>\n<meta name=\"twitter:card\" content=\"summary_large_image\" \/>\n<meta name=\"twitter:site\" content=\"@ChateaudeslysEn\" \/>\n<meta name=\"twitter:label1\" content=\"Dur\u00e9e de lecture estim\u00e9e\" \/>\n\t<meta name=\"twitter:data1\" content=\"3 minutes\" \/>\n<script type=\"application\/ld+json\" class=\"yoast-schema-graph\">{\"@context\":\"https:\/\/schema.org\",\"@graph\":[{\"@type\":\"WebSite\",\"@id\":\"https:\/\/www.chateaudeslys.com\/fr\/#website\",\"url\":\"https:\/\/www.chateaudeslys.com\/fr\/\",\"name\":\"Escape To Chateau DIY - Mariages, Ev\u00e8nements, Famille - Ch\u00e2teau des Lys Picardie\",\"description\":\"Un lieu id\u00e9al pour s&#039;\u00e9vader, se d\u00e9tendre et se d\u00e9tendre. Il constitue un pied-\u00e0-terre id\u00e9al pour explorer la magnifique vall\u00e9e de la Somme pendant les vacances.\",\"potentialAction\":[{\"@type\":\"SearchAction\",\"target\":{\"@type\":\"EntryPoint\",\"urlTemplate\":\"https:\/\/www.chateaudeslys.com\/fr\/?s={search_term_string}\"},\"query-input\":\"required name=search_term_string\"}],\"inLanguage\":\"fr-FR\"},{\"@type\":\"WebPage\",\"@id\":\"https:\/\/www.chateaudeslys.com\/prices\/#webpage\",\"url\":\"https:\/\/www.chateaudeslys.com\/prices\/\",\"name\":\"Prix - Escape To Chateau DIY - Mariages, Ev\u00e8nements, Famille - Ch\u00e2teau des Lys Picardie\",\"isPartOf\":{\"@id\":\"https:\/\/www.chateaudeslys.com\/fr\/#website\"},\"datePublished\":\"2013-03-08T20:12:17+00:00\",\"dateModified\":\"2024-08-05T15:44:51+00:00\",\"breadcrumb\":{\"@id\":\"https:\/\/www.chateaudeslys.com\/prices\/#breadcrumb\"},\"inLanguage\":\"fr-FR\",\"potentialAction\":[{\"@type\":\"ReadAction\",\"target\":[\"https:\/\/www.chateaudeslys.com\/prices\/\"]}]},{\"@type\":\"BreadcrumbList\",\"@id\":\"https:\/\/www.chateaudeslys.com\/prices\/#breadcrumb\",\"itemListElement\":[{\"@type\":\"ListItem\",\"position\":1,\"name\":\"Home\",\"item\":\"https:\/\/www.chateaudeslys.com\/\"},{\"@type\":\"ListItem\",\"position\":2,\"name\":\"Prices\"}]}]}<\/script>\n<!-- \/ Yoast SEO plugin. -->","yoast_head_json":{"title":"Prix - Escape To Chateau DIY - Mariages, Ev\u00e8nements, Famille - Ch\u00e2teau des Lys Picardie","robots":{"index":"index","follow":"follow","max-snippet":"max-snippet:-1","max-image-preview":"max-image-preview:large","max-video-preview":"max-video-preview:-1"},"canonical":"https:\/\/www.chateaudeslys.com\/prices\/","og_locale":"fr_FR","og_type":"article","og_title":"Prix - Escape To Chateau DIY - Mariages, Ev\u00e8nements, Famille - Ch\u00e2teau des Lys Picardie","og_description":"Nos G\u00eetes G\u00eete Studio Prix \u200b\u200bSaison haute semaine 495 \u20ac Saison bas semaine 350 \u20ac week-end 300 \u20ac G\u00eete Champ\u00eatre Prix \u200b\u200bSaison haute semaine 825 \u20ac Saison bas semaine 620 \u20ac week-end 450 \u20ac G\u00eetes Cottage &amp; Grenier Prix \u200b\u200bSaison haute semaine 995 \u20ac Saison bas semaine 700 \u20ac week-end 500 \u20ac Pour un devis pour l&rsquo;utilisation du ch\u00e2teau comme &hellip;Continue reading &rarr;","og_url":"https:\/\/www.chateaudeslys.com\/prices\/","og_site_name":"Escape To Chateau DIY - Mariages, Ev\u00e8nements, Famille - Ch\u00e2teau des Lys Picardie","article_publisher":"https:\/\/www.facebook.com\/chateaudeslysfr\/","article_modified_time":"2024-08-05T15:44:51+00:00","twitter_card":"summary_large_image","twitter_site":"@ChateaudeslysEn","twitter_misc":{"Dur\u00e9e de lecture estim\u00e9e":"3 minutes"},"schema":{"@context":"https:\/\/schema.org","@graph":[{"@type":"WebSite","@id":"https:\/\/www.chateaudeslys.com\/fr\/#website","url":"https:\/\/www.chateaudeslys.com\/fr\/","name":"Escape To Chateau DIY - Mariages, Ev\u00e8nements, Famille - Ch\u00e2teau des Lys Picardie","description":"Un lieu id\u00e9al pour s&#039;\u00e9vader, se d\u00e9tendre et se d\u00e9tendre. Il constitue un pied-\u00e0-terre id\u00e9al pour explorer la magnifique vall\u00e9e de la Somme pendant les vacances.","potentialAction":[{"@type":"SearchAction","target":{"@type":"EntryPoint","urlTemplate":"https:\/\/www.chateaudeslys.com\/fr\/?s={search_term_string}"},"query-input":"required name=search_term_string"}],"inLanguage":"fr-FR"},{"@type":"WebPage","@id":"https:\/\/www.chateaudeslys.com\/prices\/#webpage","url":"https:\/\/www.chateaudeslys.com\/prices\/","name":"Prix - Escape To Chateau DIY - Mariages, Ev\u00e8nements, Famille - Ch\u00e2teau des Lys Picardie","isPartOf":{"@id":"https:\/\/www.chateaudeslys.com\/fr\/#website"},"datePublished":"2013-03-08T20:12:17+00:00","dateModified":"2024-08-05T15:44:51+00:00","breadcrumb":{"@id":"https:\/\/www.chateaudeslys.com\/prices\/#breadcrumb"},"inLanguage":"fr-FR","potentialAction":[{"@type":"ReadAction","target":["https:\/\/www.chateaudeslys.com\/prices\/"]}]},{"@type":"BreadcrumbList","@id":"https:\/\/www.chateaudeslys.com\/prices\/#breadcrumb","itemListElement":[{"@type":"ListItem","position":1,"name":"Home","item":"https:\/\/www.chateaudeslys.com\/"},{"@type":"ListItem","position":2,"name":"Prices"}]}]}},"_links":{"self":[{"href":"https:\/\/www.chateaudeslys.com\/fr\/wp-json\/wp\/v2\/pages\/163"}],"collection":[{"href":"https:\/\/www.chateaudeslys.com\/fr\/wp-json\/wp\/v2\/pages"}],"about":[{"href":"https:\/\/www.chateaudeslys.com\/fr\/wp-json\/wp\/v2\/types\/page"}],"author":[{"embeddable":true,"href":"https:\/\/www.chateaudeslys.com\/fr\/wp-json\/wp\/v2\/users\/1"}],"replies":[{"embeddable":true,"href":"https:\/\/www.chateaudeslys.com\/fr\/wp-json\/wp\/v2\/comments?post=163"}],"version-history":[{"count":13,"href":"https:\/\/www.chateaudeslys.com\/fr\/wp-json\/wp\/v2\/pages\/163\/revisions"}],"predecessor-version":[{"id":2701,"href":"https:\/\/www.chateaudeslys.com\/fr\/wp-json\/wp\/v2\/pages\/163\/revisions\/2701"}],"wp:attachment":[{"href":"https:\/\/www.chateaudeslys.com\/fr\/wp-json\/wp\/v2\/media?parent=163"}],"curies":[{"name":"wp","href":"https:\/\/api.w.org\/{rel}","templated":true}]}}