{"id":42,"date":"2013-02-02T15:34:46","date_gmt":"2013-02-02T15:34:46","guid":{"rendered":"http:\/\/www.chateaudeslys.net\/?page_id=42"},"modified":"2021-12-19T15:19:47","modified_gmt":"2021-12-19T15:19:47","slug":"chambres-gites-au-baie-de-somme","status":"publish","type":"page","link":"https:\/\/www.chateaudeslys.com\/fr\/chambres-gites-au-baie-de-somme\/","title":{"rendered":"G\u00eetes"},"content":{"rendered":"<p>[vc_row css=\u00a0\u00bb.vc_custom_1542673030934{border-top-width: 3px !important;border-right-width: 0px !important;border-left-width: 0px !important;border-left-color: #000000 !important;border-left-style: double !important;border-right-color: #000000 !important;border-right-style: double !important;border-top-color: #000000 !important;border-top-style: double !important;border-radius: 1px !important;}\u00a0\u00bb][vc_column width=\u00a0\u00bb1\/3&Prime;][vc_single_image image=\u00a0\u00bb2295&Prime; img_size=\u00a0\u00bb130x 200&Prime; add_caption=\u00a0\u00bbyes\u00a0\u00bb alignment=\u00a0\u00bbcenter\u00a0\u00bb onclick=\u00a0\u00bblink_image\u00a0\u00bb][\/vc_column][vc_column width=\u00a0\u00bb1\/3&Prime;][vc_column_text css=\u00a0\u00bb.vc_custom_1542818172097{margin-top: 50px !important;border-top-width: 1px !important;border-right-width: 0px !important;border-bottom-width: 1px !important;border-left-width: 0px !important;padding-bottom: 20px !important;border-left-color: #000000 !important;border-left-style: solid !important;border-right-color: #000000 !important;border-right-style: solid !important;border-top-color: #000000 !important;border-top-style: solid !important;border-bottom-color: #000000 !important;border-bottom-style: solid !important;border-radius: 1px !important;}\u00a0\u00bb]<\/p>\n<h1 style=\"text-align: center;\"><\/h1>\n<p>[\/vc_column_text][\/vc_column][vc_column width=\u00a0\u00bb1\/3&Prime;][vc_single_image image=\u00a0\u00bb2303&Prime; img_size=\u00a0\u00bb130x 200&Prime; add_caption=\u00a0\u00bbyes\u00a0\u00bb alignment=\u00a0\u00bbcenter\u00a0\u00bb onclick=\u00a0\u00bblink_image\u00a0\u00bb][\/vc_column][\/vc_row][vc_row css=\u00a0\u00bb.vc_custom_1542673126274{border-right-width: 0px !important;border-bottom-width: 3px !important;border-left-width: 0px !important;border-left-color: #000000 !important;border-left-style: double !important;border-right-color: #000000 !important;border-right-style: double !important;border-bottom-color: #000000 !important;border-bottom-style: double !important;border-radius: 1px !important;}\u00a0\u00bb][vc_column width=\u00a0\u00bb1\/3&Prime;][vc_single_image image=\u00a0\u00bb2310&Prime; img_size=\u00a0\u00bb200x 130&Prime; add_caption=\u00a0\u00bbyes\u00a0\u00bb alignment=\u00a0\u00bbcenter\u00a0\u00bb onclick=\u00a0\u00bblink_image\u00a0\u00bb][vc_separator css=\u00a0\u00bb.vc_custom_1542667647164{margin-top: 60px !important;}\u00a0\u00bb][\/vc_column][vc_column width=\u00a0\u00bb1\/3&Prime;][vc_column_text]<\/p>\n<p style=\"text-align: center;\">Nos g\u00eetes ind\u00e9pendants peuvent \u00eatre lou\u00e9s par semaine ou dans le cadre de nos grand g\u00eetes et de notre h\u00e9bergement de groupe<\/p>\n<p>[\/vc_column_text][vc_separator css=\u00a0\u00bb.vc_custom_1542750617674{margin-top: 180px !important;}\u00a0\u00bb][\/vc_column][vc_column width=\u00a0\u00bb1\/3&Prime;][vc_single_image image=\u00a0\u00bb1437&Prime; img_size=\u00a0\u00bb130&#215;200&Prime; add_caption=\u00a0\u00bbyes\u00a0\u00bb alignment=\u00a0\u00bbcenter\u00a0\u00bb onclick=\u00a0\u00bblink_image\u00a0\u00bb][vc_separator css=\u00a0\u00bb.vc_custom_1542667647164{margin-top: 60px !important;}\u00a0\u00bb][\/vc_column][\/vc_row][vc_row css=\u00a0\u00bb.vc_custom_1544027974849{border-top-width: 0px !important;border-right-width: 0px !important;border-bottom-width: 3px !important;border-left-width: 0px !important;border-left-color: #000000 !important;border-left-style: double !important;border-right-color: #000000 !important;border-right-style: double !important;border-top-color: #000000 !important;border-top-style: double !important;border-bottom-color: #000000 !important;border-bottom-style: double !important;border-radius: 1px !important;}\u00a0\u00bb][vc_column width=\u00a0\u00bb1\/3&Prime;][vc_single_image image=\u00a0\u00bb2299&Prime; img_size=\u00a0\u00bbmedium\u00a0\u00bb alignment=\u00a0\u00bbcenter\u00a0\u00bb onclick=\u00a0\u00bbimg_link_large\u00a0\u00bb][vc_single_image image=\u00a0\u00bb2328&Prime; img_size=\u00a0\u00bbmedium\u00a0\u00bb alignment=\u00a0\u00bbcenter\u00a0\u00bb onclick=\u00a0\u00bbimg_link_large\u00a0\u00bb][vc_single_image image=\u00a0\u00bb698&Prime; alignment=\u00a0\u00bbcenter\u00a0\u00bb onclick=\u00a0\u00bbimg_link_large\u00a0\u00bb][\/vc_column][vc_column width=\u00a0\u00bb1\/3&Prime;][vc_column_text]<\/p>\n<h2 style=\"text-align: center;\"><strong>Gite Cottage<\/strong><\/h2>\n<p style=\"text-align: center;\"><em>(6-8 couchages)<\/em><\/p>\n<p>[\/vc_column_text][vc_column_text]<\/p>\n<p style=\"text-align: center;\">Notre g\u00eete familial populaire au rez-de-chauss\u00e9e de l&rsquo;ancienne Smithy \u00e0 c\u00f4t\u00e9 du ch\u00e2teau. Le chalet a sa propre entr\u00e9e et une terrasse et est accessible en fauteuil roulant. Il y a un grand coin salon avec une po\u00eale \u00e0 bois et une cuisine enti\u00e8rement \u00e9quip\u00e9e avec micro-ondes, machine \u00e0 laver et lave-vaisselle. Il y a deux chambres doubles (160 et 140), une chambre superpos\u00e9e, un canap\u00e9-lit (160) et deux salles de bains.<\/p>\n<p>[\/vc_column_text][vc_single_image image=\u00a0\u00bb2316&Prime; img_size=\u00a0\u00bbmedium\u00a0\u00bb alignment=\u00a0\u00bbcenter\u00a0\u00bb onclick=\u00a0\u00bbimg_link_large\u00a0\u00bb][\/vc_column][vc_column width=\u00a0\u00bb1\/3&Prime;][vc_single_image image=\u00a0\u00bb593&Prime; img_size=\u00a0\u00bbmedium\u00a0\u00bb alignment=\u00a0\u00bbcenter\u00a0\u00bb onclick=\u00a0\u00bbimg_link_large\u00a0\u00bb][vc_single_image image=\u00a0\u00bb2296&Prime; alignment=\u00a0\u00bbcenter\u00a0\u00bb onclick=\u00a0\u00bbimg_link_large\u00a0\u00bb][\/vc_column][\/vc_row][vc_row css=\u00a0\u00bb.vc_custom_1542673234141{border-top-width: 0px !important;border-right-width: 0px !important;border-bottom-width: 3px !important;border-left-width: 0px !important;border-left-color: #000000 !important;border-left-style: double !important;border-right-color: #000000 !important;border-right-style: double !important;border-top-color: #000000 !important;border-top-style: double !important;border-bottom-color: #000000 !important;border-bottom-style: double !important;border-radius: 1px !important;}\u00a0\u00bb][vc_column width=\u00a0\u00bb1\/3&Prime;][vc_single_image image=\u00a0\u00bb2317&Prime; alignment=\u00a0\u00bbcenter\u00a0\u00bb onclick=\u00a0\u00bbimg_link_large\u00a0\u00bb css=\u00a0\u00bb.vc_custom_1544021675579{margin-top: 170px !important;}\u00a0\u00bb][vc_single_image image=\u00a0\u00bb2318&Prime; img_size=\u00a0\u00bbmedium\u00a0\u00bb alignment=\u00a0\u00bbcenter\u00a0\u00bb onclick=\u00a0\u00bbimg_link_large\u00a0\u00bb][\/vc_column][vc_column width=\u00a0\u00bb1\/3&Prime;][vc_column_text]<\/p>\n<h2 style=\"text-align: center;\"><strong>Gite Grenier:<\/strong><\/h2>\n<p style=\"text-align: center;\"><em>(6-8 couchages)<\/em><\/p>\n<p style=\"text-align: center;\">Le Grenier est notre favori personnel. Il est construit dans l&rsquo;ancien Hayloft spacieux de la vieille Smithy utilisant principalement des mat\u00e9riaux r\u00e9cup\u00e9r\u00e9s. Le Grenier a sa propre terrasse et son entr\u00e9e via un escalier ext\u00e9rieur. Il y a un salon et une cuisine ouverte avec micro-ondes, lave-vaisselle et machine \u00e0 laver. Il y a 2 chambres \u00e0 coucher (180 et 140) dot\u00e9es d&rsquo;une chambre double et tripl\u00e9e avec des lits d&rsquo;appoint, d&rsquo;un canap\u00e9-lit dans le salon ouvert (140) et d&rsquo;une superbe salle de bain avec baignoire plong\u00e9e, douche et WC<\/p>\n<p>[\/vc_column_text][vc_single_image image=\u00a0\u00bb1290&Prime; alignment=\u00a0\u00bbcenter\u00a0\u00bb onclick=\u00a0\u00bbimg_link_large\u00a0\u00bb][\/vc_column][vc_column width=\u00a0\u00bb1\/3&Prime;][vc_single_image image=\u00a0\u00bb2300&Prime; img_size=\u00a0\u00bbmedium\u00a0\u00bb alignment=\u00a0\u00bbcenter\u00a0\u00bb][vc_single_image image=\u00a0\u00bb2314&Prime; alignment=\u00a0\u00bbcenter\u00a0\u00bb onclick=\u00a0\u00bbimg_link_large\u00a0\u00bb css=\u00a0\u00bb.vc_custom_1544021557148{margin-top: 70px !important;}\u00a0\u00bb][\/vc_column][\/vc_row][vc_row css=\u00a0\u00bb.vc_custom_1542673234141{border-top-width: 0px !important;border-right-width: 0px !important;border-bottom-width: 3px !important;border-left-width: 0px !important;border-left-color: #000000 !important;border-left-style: double !important;border-right-color: #000000 !important;border-right-style: double !important;border-top-color: #000000 !important;border-top-style: double !important;border-bottom-color: #000000 !important;border-bottom-style: double !important;border-radius: 1px !important;}\u00a0\u00bb][vc_column width=\u00a0\u00bb1\/3&Prime;][vc_single_image image=\u00a0\u00bb1038&Prime; img_size=\u00a0\u00bbmedium\u00a0\u00bb alignment=\u00a0\u00bbcenter\u00a0\u00bb onclick=\u00a0\u00bbimg_link_large\u00a0\u00bb css=\u00a0\u00bb.vc_custom_1542740939377{margin-top: 60px !important;}\u00a0\u00bb][\/vc_column][vc_column width=\u00a0\u00bb1\/3&Prime;][vc_column_text]<\/p>\n<h2 style=\"text-align: center;\"><strong>Gite Studio:<\/strong><\/h2>\n<p style=\"text-align: center;\"><em>(2- 4 couchages)<\/em><\/p>\n<p style=\"text-align: center;\">Un studio confortable au premier \u00e9tage des quartiers du personnel originaux du ch\u00e2teau. Le studio est un g\u00eete d&rsquo;une pi\u00e8ce avec une vue magnifique sur le jardin. Il dispose d&rsquo;une kitchenette, d&rsquo;un coin salon, d&rsquo;un lit double (160), d&rsquo;un canap\u00e9-lit (120), d&rsquo;une salle de douche et de toilettes s\u00e9par\u00e9es. Acc\u00e9dez via des escaliers escarp\u00e9s \u00e0 l&rsquo;arri\u00e8re du ch\u00e2teau.<\/p>\n<p>[\/vc_column_text][vc_single_image image=\u00a0\u00bb1036&Prime; alignment=\u00a0\u00bbcenter\u00a0\u00bb onclick=\u00a0\u00bbimg_link_large\u00a0\u00bb][\/vc_column][vc_column width=\u00a0\u00bb1\/3&Prime;][vc_single_image image=\u00a0\u00bb1037&Prime; img_size=\u00a0\u00bbmedium\u00a0\u00bb alignment=\u00a0\u00bbcenter\u00a0\u00bb onclick=\u00a0\u00bbimg_link_large\u00a0\u00bb][\/vc_column][\/vc_row][vc_row css=\u00a0\u00bb.vc_custom_1542673234141{border-top-width: 0px !important;border-right-width: 0px !important;border-bottom-width: 3px !important;border-left-width: 0px !important;border-left-color: #000000 !important;border-left-style: double !important;border-right-color: #000000 !important;border-right-style: double !important;border-top-color: #000000 !important;border-top-style: double !important;border-bottom-color: #000000 !important;border-bottom-style: double !important;border-radius: 1px !important;}\u00a0\u00bb][vc_column width=\u00a0\u00bb1\/3&Prime;][vc_column_text css=\u00a0\u00bb.vc_custom_1639925170333{margin-top: 50px !important;}\u00a0\u00bb]<\/p>\n<h2 style=\"text-align: center;\"><strong>Gite Champetre:<\/strong><\/h2>\n<p style=\"text-align: center;\"><em>(6-8 coucahges)<\/em><\/p>\n<p style=\"text-align: center;\">Un grand g\u00eete confortable de trois \u00e9tages dans le \u00ab\u00a0parloir\u00a0\u00bb original du ch\u00e2teau. La cuisine ouverte et le salon au rez-de-chauss\u00e9e dispose d&rsquo;un canap\u00e9-lit (140), du po\u00eale \u00e0 bois br\u00fblant. La cuisine enti\u00e8rement \u00e9quip\u00e9e dispose d&rsquo;une cuisini\u00e8re \u00e9lectrique, d&rsquo;un micro-ondes, d&rsquo;un lave-vaisselle et d&rsquo;une machine \u00e0 laver, etc. Au premier \u00e9tage, vous trouverez la principale chambre double (140), une petite chambre superpos\u00e9e et une salle de bains avec douche et toilettes. La mezzanine confortable au deuxi\u00e8me \u00e9tage a 2 lits simples.<\/p>\n<p>[\/vc_column_text][\/vc_column][vc_column width=\u00a0\u00bb1\/3&Prime;][vc_single_image image=\u00a0\u00bb2315&Prime; alignment=\u00a0\u00bbcenter\u00a0\u00bb onclick=\u00a0\u00bbimg_link_large\u00a0\u00bb][vc_single_image image=\u00a0\u00bb2313&Prime; alignment=\u00a0\u00bbcenter\u00a0\u00bb onclick=\u00a0\u00bbimg_link_large\u00a0\u00bb][vc_single_image image=\u00a0\u00bb2324&Prime; alignment=\u00a0\u00bbcenter\u00a0\u00bb onclick=\u00a0\u00bbimg_link_large\u00a0\u00bb][\/vc_column][vc_column width=\u00a0\u00bb1\/3&Prime;][vc_single_image image=\u00a0\u00bb2301&Prime; img_size=\u00a0\u00bbmedium\u00a0\u00bb alignment=\u00a0\u00bbcenter\u00a0\u00bb onclick=\u00a0\u00bbimg_link_large\u00a0\u00bb][vc_single_image image=\u00a0\u00bb735&Prime; img_size=\u00a0\u00bbmedium\u00a0\u00bb alignment=\u00a0\u00bbcenter\u00a0\u00bb onclick=\u00a0\u00bbimg_link_large\u00a0\u00bb][\/vc_column][\/vc_row]<\/p>","protected":false},"excerpt":{"rendered":"<p>[vc_row css=\u00a0\u00bb.vc_custom_1542673030934{border-top-width: 3px !important;border-right-width: 0px !important;border-left-width: 0px !important;border-left-color: #000000 !important;border-left-style: double !important;border-right-color: #000000 !important;border-right-style: double !important;border-top-color: #000000 !important;border-top-style: double !important;border-radius: 1px !important;}\u00a0\u00bb][vc_column width=\u00a0\u00bb1\/3&Prime;][vc_single_image image=\u00a0\u00bb2295&Prime; img_size=\u00a0\u00bb130x 200&Prime; add_caption=\u00a0\u00bbyes\u00a0\u00bb alignment=\u00a0\u00bbcenter\u00a0\u00bb onclick=\u00a0\u00bblink_image\u00a0\u00bb][\/vc_column][vc_column width=\u00a0\u00bb1\/3&Prime;][vc_column_text css=\u00a0\u00bb.vc_custom_1542818172097{margin-top: 50px !important;border-top-width: 1px !important;border-right-width: 0px !important;border-bottom-width: 1px !important;border-left-width: 0px !important;padding-bottom: 20px !important;border-left-color: #000000 !important;border-left-style: solid !important;border-right-color: #000000 !important;border-right-style: solid !important;border-top-color: #000000 !important;border-top-style: solid !important;border-bottom-color: #000000 !important;border-bottom-style: solid !important;border-radius: 1px &hellip;<span class=\"more-link\"><a href=\"https:\/\/www.chateaudeslys.com\/fr\/chambres-gites-au-baie-de-somme\/\"><span class=\"button\">Continue reading &rarr;<\/span><\/a><\/span><\/p>\n","protected":false},"author":1,"featured_media":0,"parent":0,"menu_order":1,"comment_status":"closed","ping_status":"closed","template":"","meta":[],"acf":[],"yoast_head":"<!-- This site is optimized with the Yoast SEO plugin v18.7 - https:\/\/yoast.com\/wordpress\/plugins\/seo\/ -->\n<title>Chambres &amp; Gites au Baie de Somme Picardie Mer Chateau des Lys<\/title>\n<meta name=\"description\" content=\"Bienvenue au Ch\u00e2teau des Lys- chambres et g\u00eetes au Baie de Somme10 km de Saint-Valery proche de la c\u00f4te et l&#039;estuaire,\" \/>\n<meta name=\"robots\" content=\"index, follow, max-snippet:-1, max-image-preview:large, max-video-preview:-1\" \/>\n<link rel=\"canonical\" href=\"https:\/\/www.chateaudeslys.com\/fr\/chambres-gites-au-baie-de-somme\/\" \/>\n<meta property=\"og:locale\" content=\"fr_FR\" \/>\n<meta property=\"og:type\" content=\"article\" \/>\n<meta property=\"og:title\" content=\"Chambres &amp; Gites au Baie de Somme Picardie Mer Chateau des Lys\" \/>\n<meta property=\"og:description\" content=\"Bienvenue au Ch\u00e2teau des Lys- chambres et g\u00eetes au Baie de Somme10 km de Saint-Valery proche de la c\u00f4te et l&#039;estuaire,\" \/>\n<meta property=\"og:url\" content=\"https:\/\/www.chateaudeslys.com\/fr\/chambres-gites-au-baie-de-somme\/\" \/>\n<meta property=\"og:site_name\" content=\"Escape To Chateau DIY - Mariages, Ev\u00e8nements, Famille - Ch\u00e2teau des Lys Picardie\" \/>\n<meta property=\"article:publisher\" content=\"https:\/\/www.facebook.com\/chateaudeslysfr\/\" \/>\n<meta property=\"article:modified_time\" content=\"2021-12-19T15:19:47+00:00\" \/>\n<meta name=\"twitter:card\" content=\"summary_large_image\" \/>\n<meta name=\"twitter:site\" content=\"@ChateaudeslysEn\" \/>\n<meta name=\"twitter:label1\" content=\"Dur\u00e9e de lecture estim\u00e9e\" \/>\n\t<meta name=\"twitter:data1\" content=\"16 minutes\" \/>\n<script type=\"application\/ld+json\" class=\"yoast-schema-graph\">{\"@context\":\"https:\/\/schema.org\",\"@graph\":[{\"@type\":\"WebSite\",\"@id\":\"https:\/\/www.chateaudeslys.com\/fr\/#website\",\"url\":\"https:\/\/www.chateaudeslys.com\/fr\/\",\"name\":\"Escape To Chateau DIY - Mariages, Ev\u00e8nements, Famille - Ch\u00e2teau des Lys Picardie\",\"description\":\"Un lieu id\u00e9al pour s&#039;\u00e9vader, se d\u00e9tendre et se d\u00e9tendre. Il constitue un pied-\u00e0-terre id\u00e9al pour explorer la magnifique vall\u00e9e de la Somme pendant les vacances.\",\"potentialAction\":[{\"@type\":\"SearchAction\",\"target\":{\"@type\":\"EntryPoint\",\"urlTemplate\":\"https:\/\/www.chateaudeslys.com\/fr\/?s={search_term_string}\"},\"query-input\":\"required name=search_term_string\"}],\"inLanguage\":\"fr-FR\"},{\"@type\":\"WebPage\",\"@id\":\"https:\/\/www.chateaudeslys.com\/fr\/chambres-gites-au-baie-de-somme\/#webpage\",\"url\":\"https:\/\/www.chateaudeslys.com\/fr\/chambres-gites-au-baie-de-somme\/\",\"name\":\"Chambres & Gites au Baie de Somme Picardie Mer Chateau des Lys\",\"isPartOf\":{\"@id\":\"https:\/\/www.chateaudeslys.com\/fr\/#website\"},\"datePublished\":\"2013-02-02T15:34:46+00:00\",\"dateModified\":\"2021-12-19T15:19:47+00:00\",\"description\":\"Bienvenue au Ch\u00e2teau des Lys- chambres et g\u00eetes au Baie de Somme10 km de Saint-Valery proche de la c\u00f4te et l'estuaire,\",\"breadcrumb\":{\"@id\":\"https:\/\/www.chateaudeslys.com\/fr\/chambres-gites-au-baie-de-somme\/#breadcrumb\"},\"inLanguage\":\"fr-FR\",\"potentialAction\":[{\"@type\":\"ReadAction\",\"target\":[\"https:\/\/www.chateaudeslys.com\/fr\/chambres-gites-au-baie-de-somme\/\"]}]},{\"@type\":\"BreadcrumbList\",\"@id\":\"https:\/\/www.chateaudeslys.com\/fr\/chambres-gites-au-baie-de-somme\/#breadcrumb\",\"itemListElement\":[{\"@type\":\"ListItem\",\"position\":1,\"name\":\"Home\",\"item\":\"https:\/\/www.chateaudeslys.com\/\"},{\"@type\":\"ListItem\",\"position\":2,\"name\":\"G\u00eetes\"}]}]}<\/script>\n<!-- \/ Yoast SEO plugin. -->","yoast_head_json":{"title":"Chambres & Gites au Baie de Somme Picardie Mer Chateau des Lys","description":"Bienvenue au Ch\u00e2teau des Lys- chambres et g\u00eetes au Baie de Somme10 km de Saint-Valery proche de la c\u00f4te et l'estuaire,","robots":{"index":"index","follow":"follow","max-snippet":"max-snippet:-1","max-image-preview":"max-image-preview:large","max-video-preview":"max-video-preview:-1"},"canonical":"https:\/\/www.chateaudeslys.com\/fr\/chambres-gites-au-baie-de-somme\/","og_locale":"fr_FR","og_type":"article","og_title":"Chambres & Gites au Baie de Somme Picardie Mer Chateau des Lys","og_description":"Bienvenue au Ch\u00e2teau des Lys- chambres et g\u00eetes au Baie de Somme10 km de Saint-Valery proche de la c\u00f4te et l'estuaire,","og_url":"https:\/\/www.chateaudeslys.com\/fr\/chambres-gites-au-baie-de-somme\/","og_site_name":"Escape To Chateau DIY - Mariages, Ev\u00e8nements, Famille - Ch\u00e2teau des Lys Picardie","article_publisher":"https:\/\/www.facebook.com\/chateaudeslysfr\/","article_modified_time":"2021-12-19T15:19:47+00:00","twitter_card":"summary_large_image","twitter_site":"@ChateaudeslysEn","twitter_misc":{"Dur\u00e9e de lecture estim\u00e9e":"16 minutes"},"schema":{"@context":"https:\/\/schema.org","@graph":[{"@type":"WebSite","@id":"https:\/\/www.chateaudeslys.com\/fr\/#website","url":"https:\/\/www.chateaudeslys.com\/fr\/","name":"Escape To Chateau DIY - Mariages, Ev\u00e8nements, Famille - Ch\u00e2teau des Lys Picardie","description":"Un lieu id\u00e9al pour s&#039;\u00e9vader, se d\u00e9tendre et se d\u00e9tendre. Il constitue un pied-\u00e0-terre id\u00e9al pour explorer la magnifique vall\u00e9e de la Somme pendant les vacances.","potentialAction":[{"@type":"SearchAction","target":{"@type":"EntryPoint","urlTemplate":"https:\/\/www.chateaudeslys.com\/fr\/?s={search_term_string}"},"query-input":"required name=search_term_string"}],"inLanguage":"fr-FR"},{"@type":"WebPage","@id":"https:\/\/www.chateaudeslys.com\/fr\/chambres-gites-au-baie-de-somme\/#webpage","url":"https:\/\/www.chateaudeslys.com\/fr\/chambres-gites-au-baie-de-somme\/","name":"Chambres & Gites au Baie de Somme Picardie Mer Chateau des Lys","isPartOf":{"@id":"https:\/\/www.chateaudeslys.com\/fr\/#website"},"datePublished":"2013-02-02T15:34:46+00:00","dateModified":"2021-12-19T15:19:47+00:00","description":"Bienvenue au Ch\u00e2teau des Lys- chambres et g\u00eetes au Baie de Somme10 km de Saint-Valery proche de la c\u00f4te et l'estuaire,","breadcrumb":{"@id":"https:\/\/www.chateaudeslys.com\/fr\/chambres-gites-au-baie-de-somme\/#breadcrumb"},"inLanguage":"fr-FR","potentialAction":[{"@type":"ReadAction","target":["https:\/\/www.chateaudeslys.com\/fr\/chambres-gites-au-baie-de-somme\/"]}]},{"@type":"BreadcrumbList","@id":"https:\/\/www.chateaudeslys.com\/fr\/chambres-gites-au-baie-de-somme\/#breadcrumb","itemListElement":[{"@type":"ListItem","position":1,"name":"Home","item":"https:\/\/www.chateaudeslys.com\/"},{"@type":"ListItem","position":2,"name":"G\u00eetes"}]}]}},"_links":{"self":[{"href":"https:\/\/www.chateaudeslys.com\/fr\/wp-json\/wp\/v2\/pages\/42"}],"collection":[{"href":"https:\/\/www.chateaudeslys.com\/fr\/wp-json\/wp\/v2\/pages"}],"about":[{"href":"https:\/\/www.chateaudeslys.com\/fr\/wp-json\/wp\/v2\/types\/page"}],"author":[{"embeddable":true,"href":"https:\/\/www.chateaudeslys.com\/fr\/wp-json\/wp\/v2\/users\/1"}],"replies":[{"embeddable":true,"href":"https:\/\/www.chateaudeslys.com\/fr\/wp-json\/wp\/v2\/comments?post=42"}],"version-history":[{"count":45,"href":"https:\/\/www.chateaudeslys.com\/fr\/wp-json\/wp\/v2\/pages\/42\/revisions"}],"predecessor-version":[{"id":2632,"href":"https:\/\/www.chateaudeslys.com\/fr\/wp-json\/wp\/v2\/pages\/42\/revisions\/2632"}],"wp:attachment":[{"href":"https:\/\/www.chateaudeslys.com\/fr\/wp-json\/wp\/v2\/media?parent=42"}],"curies":[{"name":"wp","href":"https:\/\/api.w.org\/{rel}","templated":true}]}}