{"id":62,"date":"2013-02-05T20:12:16","date_gmt":"2013-02-05T20:12:16","guid":{"rendered":"http:\/\/www.chateaudeslys.net\/?page_id=62"},"modified":"2022-01-20T11:14:55","modified_gmt":"2022-01-20T11:14:55","slug":"contact","status":"publish","type":"page","link":"https:\/\/www.chateaudeslys.com\/fr\/contact\/","title":{"rendered":"Contact"},"content":{"rendered":"<p>[vc_row][vc_column width=\u00a0\u00bb1\/2&Prime;][vc_column_text]<\/p>\n<h3 style=\"text-align: left;\">Pour les r\u00e9servations<\/h3>\n<div role=\"form\" class=\"wpcf7\" id=\"wpcf7-f2260-o3\" lang=\"en-US\" dir=\"ltr\">\n<div class=\"screen-reader-response\"><p role=\"status\" aria-live=\"polite\" aria-atomic=\"true\"><\/p> <ul><\/ul><\/div>\n<form action=\"\/fr\/wp-json\/wp\/v2\/pages\/62#wpcf7-f2260-o3\" method=\"post\" class=\"wpcf7-form init\" novalidate=\"novalidate\" data-status=\"init\">\n<div style=\"display: none;\">\n<input type=\"hidden\" name=\"_wpcf7\" value=\"2260\" \/>\n<input type=\"hidden\" name=\"_wpcf7_version\" value=\"5.5.6\" \/>\n<input type=\"hidden\" name=\"_wpcf7_locale\" value=\"en_US\" \/>\n<input type=\"hidden\" name=\"_wpcf7_unit_tag\" value=\"wpcf7-f2260-o3\" \/>\n<input type=\"hidden\" name=\"_wpcf7_container_post\" value=\"0\" \/>\n<input type=\"hidden\" name=\"_wpcf7_posted_data_hash\" value=\"\" \/>\n<\/div>\n<p><label><span class=\"wpcf7-form-control-wrap your-name\"><input type=\"text\" name=\"your-name\" value=\"\" size=\"40\" class=\"wpcf7-form-control wpcf7-text wpcf7-validates-as-required\" aria-required=\"true\" aria-invalid=\"false\" placeholder=\"Votre Nom (required)\" \/><\/span> <\/label><br \/>\n<label><span class=\"wpcf7-form-control-wrap your-email\"><input type=\"email\" name=\"your-email\" value=\"\" size=\"40\" class=\"wpcf7-form-control wpcf7-text wpcf7-email wpcf7-validates-as-required wpcf7-validates-as-email\" aria-required=\"true\" aria-invalid=\"false\" placeholder=\"Votre Email (required)\" \/><\/span> <\/label><br \/>\n<label><span class=\"wpcf7-form-control-wrap text-320\"><input type=\"text\" name=\"text-320\" value=\"\" size=\"40\" class=\"wpcf7-form-control wpcf7-text\" aria-invalid=\"false\" placeholder=\"Code de Pays (Country) Example (+44)\" \/><\/span><\/label><label> <span class=\"wpcf7-form-control-wrap tel-225\"><input type=\"tel\" name=\"tel-225\" value=\"\" size=\"40\" class=\"wpcf7-form-control wpcf7-text wpcf7-tel wpcf7-validates-as-tel\" aria-invalid=\"false\" placeholder=\"T\u00e9l\u00e9phone\" \/><\/span><\/label><br \/>\n<label><span class=\"wpcf7-form-control-wrap date-332\"><input type=\"text\" name=\"date-332\" value=\"\" size=\"40\" class=\"wpcf7-form-control wpcf7-date\" placeholder=\"Quelle date?\" \/> <\/span> <\/label><br \/>\n<label><span class=\"wpcf7-form-control-wrap menu-683\"><select name=\"menu-683\" class=\"wpcf7-form-control wpcf7-select\" aria-invalid=\"false\"><option value=\"Combien des personnes?\">Combien des personnes?<\/option><option value=\"1\">1<\/option><option value=\"2\">2<\/option><option value=\"3\">3<\/option><option value=\"4\">4<\/option><option value=\"5\">5<\/option><option value=\"6\">6<\/option><option value=\"7\">7<\/option><option value=\"8\">8<\/option><option value=\"9\">9<\/option><option value=\"10+\">10+<\/option><option value=\"20+\">20+<\/option><option value=\"30+\">30+<\/option><option value=\"40+\">40+<\/option><option value=\"50+\">50+<\/option><option value=\"60+\">60+<\/option><\/select><\/span>&nbsp;<span class=\"wpcf7-form-control-wrap menu-693\"><select name=\"menu-693\" class=\"wpcf7-form-control wpcf7-select\" aria-invalid=\"false\"><option value=\"Combien de nuits?\">Combien de nuits?<\/option><option value=\"1\">1<\/option><option value=\"2\">2<\/option><option value=\"3\">3<\/option><option value=\"4\">4<\/option><option value=\"5\">5<\/option><option value=\"6\">6<\/option><option value=\"7\">7<\/option><option value=\"8\">8<\/option><option value=\"9\">9<\/option><option value=\"10\">10<\/option><\/select><\/span><\/label><br \/>\n&nbsp;<br \/>\n<input type=\"submit\" value=\"Send\" class=\"wpcf7-form-control has-spinner wpcf7-submit\" \/><\/p>\n<div class=\"wpcf7-response-output\" aria-hidden=\"true\"><\/div><\/form><\/div>\n<h2 style=\"text-align: left;\">Ch\u00e2teau des Lys<\/h2>\n<p><strong>Marc &amp; Laure Jouffrault<\/strong><br \/>\n<strong>+33 684645140<\/strong><br \/>\n<a href=\"mailto:chateaudeslysfr@gmail.com\">chateaudeslys80@gmail.com<\/a><\/p>\n<p><strong>Address:<\/strong><br \/>\n13 Rue de Port le Grand<br \/>\n80970 Sailly-Flibeaucourt<br \/>\nFrance<\/p>\n<p><a href=\"https:\/\/www.google.com\/maps\/place\/Castle+lilies\/@50.1783448,1.7069802,12z\/data=!4m5!3m4!1s0x0:0xc88db9890b12c027!8m2!3d50.175139!4d1.767082\" target=\"_blank\" rel=\"noopener noreferrer\">Comment nous trouver<\/a>[\/vc_column_text][\/vc_column][vc_column width=\u00a0\u00bb1\/2&Prime;]<img loading=\"lazy\" class=\"alignnone size-medium wp-image-2564\" src=\"https:\/\/www.chateaudeslys.com\/wp-content\/uploads\/02-IMG_6107-200x300.jpg\" alt=\"\" width=\"200\" height=\"300\" srcset=\"https:\/\/www.chateaudeslys.com\/wp-content\/uploads\/02-IMG_6107-200x300.jpg 200w, https:\/\/www.chateaudeslys.com\/wp-content\/uploads\/02-IMG_6107.jpg 427w\" sizes=\"(max-width: 200px) 100vw, 200px\" \/><\/p>","protected":false},"excerpt":{"rendered":"<p>[vc_row][vc_column width=\u00a0\u00bb1\/2&Prime;][vc_column_text] Pour les r\u00e9servations Ch\u00e2teau des Lys Marc &amp; Laure Jouffrault +33 684645140 chateaudeslys80@gmail.com Address: 13 Rue de Port le Grand 80970 Sailly-Flibeaucourt France Comment nous trouver[\/vc_column_text][\/vc_column][vc_column width=\u00a0\u00bb1\/2&Prime;]<\/p>\n","protected":false},"author":1,"featured_media":0,"parent":0,"menu_order":10,"comment_status":"closed","ping_status":"closed","template":"page-find-us.php","meta":[],"acf":[],"yoast_head":"<!-- This site is optimized with the Yoast SEO plugin v18.7 - https:\/\/yoast.com\/wordpress\/plugins\/seo\/ -->\n<title>Contact - Escape To Chateau DIY - Mariages, Ev\u00e8nements, Famille - Ch\u00e2teau des Lys Picardie<\/title>\n<meta name=\"robots\" content=\"index, follow, max-snippet:-1, max-image-preview:large, max-video-preview:-1\" \/>\n<link rel=\"canonical\" href=\"https:\/\/www.chateaudeslys.com\/fr\/contact\/\" \/>\n<meta property=\"og:locale\" content=\"fr_FR\" \/>\n<meta property=\"og:type\" content=\"article\" \/>\n<meta property=\"og:title\" content=\"Contact - Escape To Chateau DIY - Mariages, Ev\u00e8nements, Famille - Ch\u00e2teau des Lys Picardie\" \/>\n<meta property=\"og:description\" content=\"[vc_row][vc_column width=\u00a0\u00bb1\/2&Prime;][vc_column_text] Pour les r\u00e9servations Ch\u00e2teau des Lys Marc &amp; Laure Jouffrault +33 684645140 chateaudeslys80@gmail.com Address: 13 Rue de Port le Grand 80970 Sailly-Flibeaucourt France Comment nous trouver[\/vc_column_text][\/vc_column][vc_column width=\u00a0\u00bb1\/2&Prime;]\" \/>\n<meta property=\"og:url\" content=\"https:\/\/www.chateaudeslys.com\/fr\/contact\/\" \/>\n<meta property=\"og:site_name\" content=\"Escape To Chateau DIY - Mariages, Ev\u00e8nements, Famille - Ch\u00e2teau des Lys Picardie\" \/>\n<meta property=\"article:publisher\" content=\"https:\/\/www.facebook.com\/chateaudeslysfr\/\" \/>\n<meta property=\"article:modified_time\" content=\"2022-01-20T11:14:55+00:00\" \/>\n<meta property=\"og:image\" content=\"https:\/\/www.chateaudeslys.com\/wp-content\/uploads\/02-IMG_6107-200x300.jpg\" \/>\n<meta name=\"twitter:card\" content=\"summary_large_image\" \/>\n<meta name=\"twitter:site\" content=\"@ChateaudeslysEn\" \/>\n<meta name=\"twitter:label1\" content=\"Dur\u00e9e de lecture estim\u00e9e\" \/>\n\t<meta name=\"twitter:data1\" content=\"1 minute\" \/>\n<script type=\"application\/ld+json\" class=\"yoast-schema-graph\">{\"@context\":\"https:\/\/schema.org\",\"@graph\":[{\"@type\":\"WebSite\",\"@id\":\"https:\/\/www.chateaudeslys.com\/fr\/#website\",\"url\":\"https:\/\/www.chateaudeslys.com\/fr\/\",\"name\":\"Escape To Chateau DIY - Mariages, Ev\u00e8nements, Famille - Ch\u00e2teau des Lys Picardie\",\"description\":\"Un lieu id\u00e9al pour s&#039;\u00e9vader, se d\u00e9tendre et se d\u00e9tendre. Il constitue un pied-\u00e0-terre id\u00e9al pour explorer la magnifique vall\u00e9e de la Somme pendant les vacances.\",\"potentialAction\":[{\"@type\":\"SearchAction\",\"target\":{\"@type\":\"EntryPoint\",\"urlTemplate\":\"https:\/\/www.chateaudeslys.com\/fr\/?s={search_term_string}\"},\"query-input\":\"required name=search_term_string\"}],\"inLanguage\":\"fr-FR\"},{\"@type\":\"ImageObject\",\"inLanguage\":\"fr-FR\",\"@id\":\"https:\/\/www.chateaudeslys.com\/fr\/contact\/#primaryimage\",\"url\":\"https:\/\/www.chateaudeslys.com\/wp-content\/uploads\/02-IMG_6107.jpg\",\"contentUrl\":\"https:\/\/www.chateaudeslys.com\/wp-content\/uploads\/02-IMG_6107.jpg\",\"width\":427,\"height\":640},{\"@type\":\"WebPage\",\"@id\":\"https:\/\/www.chateaudeslys.com\/fr\/contact\/#webpage\",\"url\":\"https:\/\/www.chateaudeslys.com\/fr\/contact\/\",\"name\":\"Contact - Escape To Chateau DIY - Mariages, Ev\u00e8nements, Famille - Ch\u00e2teau des Lys Picardie\",\"isPartOf\":{\"@id\":\"https:\/\/www.chateaudeslys.com\/fr\/#website\"},\"primaryImageOfPage\":{\"@id\":\"https:\/\/www.chateaudeslys.com\/fr\/contact\/#primaryimage\"},\"datePublished\":\"2013-02-05T20:12:16+00:00\",\"dateModified\":\"2022-01-20T11:14:55+00:00\",\"breadcrumb\":{\"@id\":\"https:\/\/www.chateaudeslys.com\/fr\/contact\/#breadcrumb\"},\"inLanguage\":\"fr-FR\",\"potentialAction\":[{\"@type\":\"ReadAction\",\"target\":[\"https:\/\/www.chateaudeslys.com\/fr\/contact\/\"]}]},{\"@type\":\"BreadcrumbList\",\"@id\":\"https:\/\/www.chateaudeslys.com\/fr\/contact\/#breadcrumb\",\"itemListElement\":[{\"@type\":\"ListItem\",\"position\":1,\"name\":\"Home\",\"item\":\"https:\/\/www.chateaudeslys.com\/\"},{\"@type\":\"ListItem\",\"position\":2,\"name\":\"Contact\"}]}]}<\/script>\n<!-- \/ Yoast SEO plugin. -->","yoast_head_json":{"title":"Contact - Escape To Chateau DIY - Mariages, Ev\u00e8nements, Famille - Ch\u00e2teau des Lys Picardie","robots":{"index":"index","follow":"follow","max-snippet":"max-snippet:-1","max-image-preview":"max-image-preview:large","max-video-preview":"max-video-preview:-1"},"canonical":"https:\/\/www.chateaudeslys.com\/fr\/contact\/","og_locale":"fr_FR","og_type":"article","og_title":"Contact - Escape To Chateau DIY - Mariages, Ev\u00e8nements, Famille - Ch\u00e2teau des Lys Picardie","og_description":"[vc_row][vc_column width=\u00a0\u00bb1\/2&Prime;][vc_column_text] Pour les r\u00e9servations Ch\u00e2teau des Lys Marc &amp; Laure Jouffrault +33 684645140 chateaudeslys80@gmail.com Address: 13 Rue de Port le Grand 80970 Sailly-Flibeaucourt France Comment nous trouver[\/vc_column_text][\/vc_column][vc_column width=\u00a0\u00bb1\/2&Prime;]","og_url":"https:\/\/www.chateaudeslys.com\/fr\/contact\/","og_site_name":"Escape To Chateau DIY - Mariages, Ev\u00e8nements, Famille - Ch\u00e2teau des Lys Picardie","article_publisher":"https:\/\/www.facebook.com\/chateaudeslysfr\/","article_modified_time":"2022-01-20T11:14:55+00:00","og_image":[{"url":"https:\/\/www.chateaudeslys.com\/wp-content\/uploads\/02-IMG_6107-200x300.jpg"}],"twitter_card":"summary_large_image","twitter_site":"@ChateaudeslysEn","twitter_misc":{"Dur\u00e9e de lecture estim\u00e9e":"1 minute"},"schema":{"@context":"https:\/\/schema.org","@graph":[{"@type":"WebSite","@id":"https:\/\/www.chateaudeslys.com\/fr\/#website","url":"https:\/\/www.chateaudeslys.com\/fr\/","name":"Escape To Chateau DIY - Mariages, Ev\u00e8nements, Famille - Ch\u00e2teau des Lys Picardie","description":"Un lieu id\u00e9al pour s&#039;\u00e9vader, se d\u00e9tendre et se d\u00e9tendre. Il constitue un pied-\u00e0-terre id\u00e9al pour explorer la magnifique vall\u00e9e de la Somme pendant les vacances.","potentialAction":[{"@type":"SearchAction","target":{"@type":"EntryPoint","urlTemplate":"https:\/\/www.chateaudeslys.com\/fr\/?s={search_term_string}"},"query-input":"required name=search_term_string"}],"inLanguage":"fr-FR"},{"@type":"ImageObject","inLanguage":"fr-FR","@id":"https:\/\/www.chateaudeslys.com\/fr\/contact\/#primaryimage","url":"https:\/\/www.chateaudeslys.com\/wp-content\/uploads\/02-IMG_6107.jpg","contentUrl":"https:\/\/www.chateaudeslys.com\/wp-content\/uploads\/02-IMG_6107.jpg","width":427,"height":640},{"@type":"WebPage","@id":"https:\/\/www.chateaudeslys.com\/fr\/contact\/#webpage","url":"https:\/\/www.chateaudeslys.com\/fr\/contact\/","name":"Contact - Escape To Chateau DIY - Mariages, Ev\u00e8nements, Famille - Ch\u00e2teau des Lys Picardie","isPartOf":{"@id":"https:\/\/www.chateaudeslys.com\/fr\/#website"},"primaryImageOfPage":{"@id":"https:\/\/www.chateaudeslys.com\/fr\/contact\/#primaryimage"},"datePublished":"2013-02-05T20:12:16+00:00","dateModified":"2022-01-20T11:14:55+00:00","breadcrumb":{"@id":"https:\/\/www.chateaudeslys.com\/fr\/contact\/#breadcrumb"},"inLanguage":"fr-FR","potentialAction":[{"@type":"ReadAction","target":["https:\/\/www.chateaudeslys.com\/fr\/contact\/"]}]},{"@type":"BreadcrumbList","@id":"https:\/\/www.chateaudeslys.com\/fr\/contact\/#breadcrumb","itemListElement":[{"@type":"ListItem","position":1,"name":"Home","item":"https:\/\/www.chateaudeslys.com\/"},{"@type":"ListItem","position":2,"name":"Contact"}]}]}},"_links":{"self":[{"href":"https:\/\/www.chateaudeslys.com\/fr\/wp-json\/wp\/v2\/pages\/62"}],"collection":[{"href":"https:\/\/www.chateaudeslys.com\/fr\/wp-json\/wp\/v2\/pages"}],"about":[{"href":"https:\/\/www.chateaudeslys.com\/fr\/wp-json\/wp\/v2\/types\/page"}],"author":[{"embeddable":true,"href":"https:\/\/www.chateaudeslys.com\/fr\/wp-json\/wp\/v2\/users\/1"}],"replies":[{"embeddable":true,"href":"https:\/\/www.chateaudeslys.com\/fr\/wp-json\/wp\/v2\/comments?post=62"}],"version-history":[{"count":14,"href":"https:\/\/www.chateaudeslys.com\/fr\/wp-json\/wp\/v2\/pages\/62\/revisions"}],"predecessor-version":[{"id":2656,"href":"https:\/\/www.chateaudeslys.com\/fr\/wp-json\/wp\/v2\/pages\/62\/revisions\/2656"}],"wp:attachment":[{"href":"https:\/\/www.chateaudeslys.com\/fr\/wp-json\/wp\/v2\/media?parent=62"}],"curies":[{"name":"wp","href":"https:\/\/api.w.org\/{rel}","templated":true}]}}