{"id":42,"date":"2013-02-02T15:34:46","date_gmt":"2013-02-02T15:34:46","guid":{"rendered":"http:\/\/www.chateaudeslys.net\/?page_id=42"},"modified":"2021-12-19T15:19:47","modified_gmt":"2021-12-19T15:19:47","slug":"chambres-gites-au-baie-de-somme","status":"publish","type":"page","link":"https:\/\/www.chateaudeslys.com\/nl\/chambres-gites-au-baie-de-somme\/","title":{"rendered":"G\u00eetes"},"content":{"rendered":"<p>[vc_row css=&#8221;.vc_custom_1542673030934{border-top-width: 3px !important;border-right-width: 0px !important;border-left-width: 0px !important;border-left-color: #000000 !important;border-left-style: double !important;border-right-color: #000000 !important;border-right-style: double !important;border-top-color: #000000 !important;border-top-style: double !important;border-radius: 1px !important;}&#8221;][vc_column width=&#8221;1\/3&#8243;][vc_single_image image=&#8221;2295&#8243; img_size=&#8221;130x 200&#8243; add_caption=&#8221;yes&#8221; alignment=&#8221;center&#8221; onclick=&#8221;link_image&#8221;][\/vc_column][vc_column width=&#8221;1\/3&#8243;][vc_column_text css=&#8221;.vc_custom_1542818172097{margin-top: 50px !important;border-top-width: 1px !important;border-right-width: 0px !important;border-bottom-width: 1px !important;border-left-width: 0px !important;padding-bottom: 20px !important;border-left-color: #000000 !important;border-left-style: solid !important;border-right-color: #000000 !important;border-right-style: solid !important;border-top-color: #000000 !important;border-top-style: solid !important;border-bottom-color: #000000 !important;border-bottom-style: solid !important;border-radius: 1px !important;}&#8221;]<\/p>\n<h1 style=\"text-align: center;\"><\/h1>\n<p>[\/vc_column_text][\/vc_column][vc_column width=&#8221;1\/3&#8243;][vc_single_image image=&#8221;2303&#8243; img_size=&#8221;130x 200&#8243; add_caption=&#8221;yes&#8221; alignment=&#8221;center&#8221; onclick=&#8221;link_image&#8221;][\/vc_column][\/vc_row][vc_row css=&#8221;.vc_custom_1542673126274{border-right-width: 0px !important;border-bottom-width: 3px !important;border-left-width: 0px !important;border-left-color: #000000 !important;border-left-style: double !important;border-right-color: #000000 !important;border-right-style: double !important;border-bottom-color: #000000 !important;border-bottom-style: double !important;border-radius: 1px !important;}&#8221;][vc_column width=&#8221;1\/3&#8243;][vc_single_image image=&#8221;2310&#8243; img_size=&#8221;200x 130&#8243; add_caption=&#8221;yes&#8221; alignment=&#8221;center&#8221; onclick=&#8221;link_image&#8221;][vc_separator css=&#8221;.vc_custom_1542667647164{margin-top: 60px !important;}&#8221;][\/vc_column][vc_column width=&#8221;1\/3&#8243;][vc_column_text]<\/p>\n<p style=\"text-align: center;\">Onze self catering Gites kunnen per week gehuurd worden. Als je het kasteel als groepsaccommodatie huurt, slaap je in deze Gites<\/p>\n<p>[\/vc_column_text][vc_separator css=&#8221;.vc_custom_1542750617674{margin-top: 180px !important;}&#8221;][\/vc_column][vc_column width=&#8221;1\/3&#8243;][vc_single_image image=&#8221;1437&#8243; img_size=&#8221;130&#215;200&#8243; add_caption=&#8221;yes&#8221; alignment=&#8221;center&#8221; onclick=&#8221;link_image&#8221;][vc_separator css=&#8221;.vc_custom_1542667647164{margin-top: 60px !important;}&#8221;][\/vc_column][\/vc_row][vc_row css=&#8221;.vc_custom_1544027974849{border-top-width: 0px !important;border-right-width: 0px !important;border-bottom-width: 3px !important;border-left-width: 0px !important;border-left-color: #000000 !important;border-left-style: double !important;border-right-color: #000000 !important;border-right-style: double !important;border-top-color: #000000 !important;border-top-style: double !important;border-bottom-color: #000000 !important;border-bottom-style: double !important;border-radius: 1px !important;}&#8221;][vc_column width=&#8221;1\/3&#8243;][vc_single_image image=&#8221;2299&#8243; img_size=&#8221;medium&#8221; alignment=&#8221;center&#8221; onclick=&#8221;img_link_large&#8221;][vc_single_image image=&#8221;2328&#8243; img_size=&#8221;medium&#8221; alignment=&#8221;center&#8221; onclick=&#8221;img_link_large&#8221;][vc_single_image image=&#8221;698&#8243; alignment=&#8221;center&#8221; onclick=&#8221;img_link_large&#8221;][\/vc_column][vc_column width=&#8221;1\/3&#8243;][vc_column_text]<\/p>\n<h2 style=\"text-align: center;\"><strong>Gite Cottage<\/strong><\/h2>\n<p style=\"text-align: center;\"><em>(6-8 slaapplaatsen)<\/em><\/p>\n<p>[\/vc_column_text][vc_column_text]<\/p>\n<p style=\"text-align: center;\">Onze populaire familie g\u00eete op de begane grond van de Oude Smidse naast het Chateau. The Cottage heeft een eigen ingang en terras en is rolstoeltoegankelijk. Er is een grote woonkamer met een houtkachel en een volledig uitgeruste keuken met een magnetron, een wasmachine en een vaatwasser. Er zijn twee tweepersoonskamers (160 +140), een kamer met een stapelbed, een slaapbank (160) en twee badkamers.<\/p>\n<p>[\/vc_column_text][vc_single_image image=&#8221;2316&#8243; img_size=&#8221;medium&#8221; alignment=&#8221;center&#8221; onclick=&#8221;img_link_large&#8221;][\/vc_column][vc_column width=&#8221;1\/3&#8243;][vc_single_image image=&#8221;593&#8243; img_size=&#8221;medium&#8221; alignment=&#8221;center&#8221; onclick=&#8221;img_link_large&#8221;][vc_single_image image=&#8221;2296&#8243; alignment=&#8221;center&#8221; onclick=&#8221;img_link_large&#8221;][\/vc_column][\/vc_row][vc_row css=&#8221;.vc_custom_1542673234141{border-top-width: 0px !important;border-right-width: 0px !important;border-bottom-width: 3px !important;border-left-width: 0px !important;border-left-color: #000000 !important;border-left-style: double !important;border-right-color: #000000 !important;border-right-style: double !important;border-top-color: #000000 !important;border-top-style: double !important;border-bottom-color: #000000 !important;border-bottom-style: double !important;border-radius: 1px !important;}&#8221;][vc_column width=&#8221;1\/3&#8243;][vc_single_image image=&#8221;2317&#8243; alignment=&#8221;center&#8221; onclick=&#8221;img_link_large&#8221; css=&#8221;.vc_custom_1544021675579{margin-top: 170px !important;}&#8221;][vc_single_image image=&#8221;2318&#8243; img_size=&#8221;medium&#8221; alignment=&#8221;center&#8221; onclick=&#8221;img_link_large&#8221;][\/vc_column][vc_column width=&#8221;1\/3&#8243;][vc_column_text]<\/p>\n<h2 style=\"text-align: center;\"><strong>Gite Grenier:<\/strong><\/h2>\n<p style=\"text-align: center;\"><em>(6-8 slaapplaatsen)<\/em><\/p>\n<p style=\"text-align: center;\">De Grenier is onze persoonlijke favoriet. Het is gebouwd in de ruime hooizolder van de Old Smithy met voornamelijk teruggewonnen materialen. De Grenier heeft een eigen terras en entree via een buitentrap. Er is een open woonkamer en keuken met magnetron, vaatwasser en wasmachine. Er zijn 2 slaapkamers (180 &amp; 140) waarvan een tweepersoonsbed en een driepersoonskamer met ruimte voor extra bedden, een slaapbank in de open woonkamer (140) en een prachtige badkamer met een dompelbad, douche en toilet.<\/p>\n<p>[\/vc_column_text][vc_single_image image=&#8221;1290&#8243; alignment=&#8221;center&#8221; onclick=&#8221;img_link_large&#8221;][\/vc_column][vc_column width=&#8221;1\/3&#8243;][vc_single_image image=&#8221;2300&#8243; img_size=&#8221;medium&#8221; alignment=&#8221;center&#8221;][vc_single_image image=&#8221;2314&#8243; alignment=&#8221;center&#8221; onclick=&#8221;img_link_large&#8221; css=&#8221;.vc_custom_1544021557148{margin-top: 70px !important;}&#8221;][\/vc_column][\/vc_row][vc_row css=&#8221;.vc_custom_1542673234141{border-top-width: 0px !important;border-right-width: 0px !important;border-bottom-width: 3px !important;border-left-width: 0px !important;border-left-color: #000000 !important;border-left-style: double !important;border-right-color: #000000 !important;border-right-style: double !important;border-top-color: #000000 !important;border-top-style: double !important;border-bottom-color: #000000 !important;border-bottom-style: double !important;border-radius: 1px !important;}&#8221;][vc_column width=&#8221;1\/3&#8243;][vc_single_image image=&#8221;1038&#8243; img_size=&#8221;medium&#8221; alignment=&#8221;center&#8221; onclick=&#8221;img_link_large&#8221; css=&#8221;.vc_custom_1542740939377{margin-top: 60px !important;}&#8221;][\/vc_column][vc_column width=&#8221;1\/3&#8243;][vc_column_text]<\/p>\n<h2 style=\"text-align: center;\"><strong>Gite Studio:<\/strong><\/h2>\n<p style=\"text-align: center;\"><em>(2- 4 slaapplaatsen)<\/em><\/p>\n<p style=\"text-align: center;\">Een comfortabel studio-appartement op de eerste verdieping van de oorspronkelijke personeelsverblijven van het kasteel. De studio is een eenkamer gite met een prachtig uitzicht op de tuin. Het heeft een kitchenette, een zithoek, een tweepersoonsbed (160), een slaapbank (120), een doucheruimte en een apart toilet. Toegang via steile trappen aan de achterkant van het kasteel.<\/p>\n<p>[\/vc_column_text][vc_single_image image=&#8221;1036&#8243; alignment=&#8221;center&#8221; onclick=&#8221;img_link_large&#8221;][\/vc_column][vc_column width=&#8221;1\/3&#8243;][vc_single_image image=&#8221;1037&#8243; img_size=&#8221;medium&#8221; alignment=&#8221;center&#8221; onclick=&#8221;img_link_large&#8221;][\/vc_column][\/vc_row][vc_row css=&#8221;.vc_custom_1542673234141{border-top-width: 0px !important;border-right-width: 0px !important;border-bottom-width: 3px !important;border-left-width: 0px !important;border-left-color: #000000 !important;border-left-style: double !important;border-right-color: #000000 !important;border-right-style: double !important;border-top-color: #000000 !important;border-top-style: double !important;border-bottom-color: #000000 !important;border-bottom-style: double !important;border-radius: 1px !important;}&#8221;][vc_column width=&#8221;1\/3&#8243;][vc_column_text css=&#8221;.vc_custom_1639925170333{margin-top: 50px !important;}&#8221;]<\/p>\n<h2 style=\"text-align: center;\"><strong>Gite Champetre:<\/strong><\/h2>\n<p style=\"text-align: center;\"><em>(6-8 slaapplaatsen)<\/em><\/p>\n<p style=\"text-align: center;\">Een grote gezellige G\u00eete met drie verdiepingen in het oorspronkelijke &#8220;Parloir&#8221; van het kasteel. De open keuken en woonkamer op de begane grond heeft een slaapbank (140), knusse houtkachel. De volledig uitgeruste keuken heeft een elektrisch fornuis, magnetron, vaatwasser en wasmachine etc. Op de eerste verdieping vindt u de grote slaapkamer met tweepersoonsbed (140), een kleinere kamer met stapelbed en een badkamer met douche en toilet. De knusse mezzanine op de tweede verdieping heeft 2 eenpersoonsbedden.<\/p>\n<p>[\/vc_column_text][\/vc_column][vc_column width=&#8221;1\/3&#8243;][vc_single_image image=&#8221;2315&#8243; alignment=&#8221;center&#8221; onclick=&#8221;img_link_large&#8221;][vc_single_image image=&#8221;2313&#8243; alignment=&#8221;center&#8221; onclick=&#8221;img_link_large&#8221;][vc_single_image image=&#8221;2324&#8243; alignment=&#8221;center&#8221; onclick=&#8221;img_link_large&#8221;][\/vc_column][vc_column width=&#8221;1\/3&#8243;][vc_single_image image=&#8221;2301&#8243; img_size=&#8221;medium&#8221; alignment=&#8221;center&#8221; onclick=&#8221;img_link_large&#8221;][vc_single_image image=&#8221;735&#8243; img_size=&#8221;medium&#8221; alignment=&#8221;center&#8221; onclick=&#8221;img_link_large&#8221;][\/vc_column][\/vc_row]<\/p>","protected":false},"excerpt":{"rendered":"<p>[vc_row css=&#8221;.vc_custom_1542673030934{border-top-width: 3px !important;border-right-width: 0px !important;border-left-width: 0px !important;border-left-color: #000000 !important;border-left-style: double !important;border-right-color: #000000 !important;border-right-style: double !important;border-top-color: #000000 !important;border-top-style: double !important;border-radius: 1px !important;}&#8221;][vc_column width=&#8221;1\/3&#8243;][vc_single_image image=&#8221;2295&#8243; img_size=&#8221;130x 200&#8243; add_caption=&#8221;yes&#8221; alignment=&#8221;center&#8221; onclick=&#8221;link_image&#8221;][\/vc_column][vc_column width=&#8221;1\/3&#8243;][vc_column_text css=&#8221;.vc_custom_1542818172097{margin-top: 50px !important;border-top-width: 1px !important;border-right-width: 0px !important;border-bottom-width: 1px !important;border-left-width: 0px !important;padding-bottom: 20px !important;border-left-color: #000000 !important;border-left-style: solid !important;border-right-color: #000000 !important;border-right-style: solid !important;border-top-color: #000000 !important;border-top-style: solid !important;border-bottom-color: #000000 !important;border-bottom-style: solid !important;border-radius: 1px &hellip;<span class=\"more-link\"><a href=\"https:\/\/www.chateaudeslys.com\/nl\/chambres-gites-au-baie-de-somme\/\"><span class=\"button\">Continue reading &rarr;<\/span><\/a><\/span><\/p>\n","protected":false},"author":1,"featured_media":0,"parent":0,"menu_order":1,"comment_status":"closed","ping_status":"closed","template":"","meta":[],"acf":[],"yoast_head":"<!-- This site is optimized with the Yoast SEO plugin v18.7 - https:\/\/yoast.com\/wordpress\/plugins\/seo\/ -->\n<title>Chambres &amp; Gites au Baie de Somme Picardie Mer Chateau des Lys<\/title>\n<meta name=\"description\" content=\"Bienvenue au Ch\u00e2teau des Lys- chambres et g\u00eetes au Baie de Somme10 km de Saint-Valery proche de la c\u00f4te et l&#039;estuaire,\" \/>\n<meta name=\"robots\" content=\"index, follow, max-snippet:-1, max-image-preview:large, max-video-preview:-1\" \/>\n<link rel=\"canonical\" href=\"https:\/\/www.chateaudeslys.com\/fr\/chambres-gites-au-baie-de-somme\/\" \/>\n<meta property=\"og:locale\" content=\"nl_NL\" \/>\n<meta property=\"og:type\" content=\"article\" \/>\n<meta property=\"og:title\" content=\"Chambres &amp; Gites au Baie de Somme Picardie Mer Chateau des Lys\" \/>\n<meta property=\"og:description\" content=\"Bienvenue au Ch\u00e2teau des Lys- chambres et g\u00eetes au Baie de Somme10 km de Saint-Valery proche de la c\u00f4te et l&#039;estuaire,\" \/>\n<meta property=\"og:url\" content=\"https:\/\/www.chateaudeslys.com\/fr\/chambres-gites-au-baie-de-somme\/\" \/>\n<meta property=\"og:site_name\" content=\"Escape To Chateau DIY - Gaan trouwen? Maak het perfect en onvergetelijk\" \/>\n<meta property=\"article:publisher\" content=\"https:\/\/www.facebook.com\/chateaudeslysfr\/\" \/>\n<meta property=\"article:modified_time\" content=\"2021-12-19T15:19:47+00:00\" \/>\n<meta name=\"twitter:card\" content=\"summary_large_image\" \/>\n<meta name=\"twitter:site\" content=\"@ChateaudeslysEn\" \/>\n<meta name=\"twitter:label1\" content=\"Geschatte leestijd\" \/>\n\t<meta name=\"twitter:data1\" content=\"16 minuten\" \/>\n<script type=\"application\/ld+json\" class=\"yoast-schema-graph\">{\"@context\":\"https:\/\/schema.org\",\"@graph\":[{\"@type\":\"WebSite\",\"@id\":\"https:\/\/www.chateaudeslys.com\/fr\/#website\",\"url\":\"https:\/\/www.chateaudeslys.com\/fr\/\",\"name\":\"Escape To Chateau DIY - Gaan trouwen? Maak het perfect en onvergetelijk\",\"description\":\"Een ideale plek om te ontsnappen, te ontspannen en weg te zijn van alle Somme-vallei tijdens vakanties.\",\"potentialAction\":[{\"@type\":\"SearchAction\",\"target\":{\"@type\":\"EntryPoint\",\"urlTemplate\":\"https:\/\/www.chateaudeslys.com\/fr\/?s={search_term_string}\"},\"query-input\":\"required name=search_term_string\"}],\"inLanguage\":\"nl\"},{\"@type\":\"WebPage\",\"@id\":\"https:\/\/www.chateaudeslys.com\/fr\/chambres-gites-au-baie-de-somme\/#webpage\",\"url\":\"https:\/\/www.chateaudeslys.com\/fr\/chambres-gites-au-baie-de-somme\/\",\"name\":\"Chambres & Gites au Baie de Somme Picardie Mer Chateau des Lys\",\"isPartOf\":{\"@id\":\"https:\/\/www.chateaudeslys.com\/fr\/#website\"},\"datePublished\":\"2013-02-02T15:34:46+00:00\",\"dateModified\":\"2021-12-19T15:19:47+00:00\",\"description\":\"Bienvenue au Ch\u00e2teau des Lys- chambres et g\u00eetes au Baie de Somme10 km de Saint-Valery proche de la c\u00f4te et l'estuaire,\",\"breadcrumb\":{\"@id\":\"https:\/\/www.chateaudeslys.com\/fr\/chambres-gites-au-baie-de-somme\/#breadcrumb\"},\"inLanguage\":\"nl\",\"potentialAction\":[{\"@type\":\"ReadAction\",\"target\":[\"https:\/\/www.chateaudeslys.com\/fr\/chambres-gites-au-baie-de-somme\/\"]}]},{\"@type\":\"BreadcrumbList\",\"@id\":\"https:\/\/www.chateaudeslys.com\/fr\/chambres-gites-au-baie-de-somme\/#breadcrumb\",\"itemListElement\":[{\"@type\":\"ListItem\",\"position\":1,\"name\":\"Home\",\"item\":\"https:\/\/www.chateaudeslys.com\/\"},{\"@type\":\"ListItem\",\"position\":2,\"name\":\"G\u00eetes\"}]}]}<\/script>\n<!-- \/ Yoast SEO plugin. -->","yoast_head_json":{"title":"Chambres & Gites au Baie de Somme Picardie Mer Chateau des Lys","description":"Bienvenue au Ch\u00e2teau des Lys- chambres et g\u00eetes au Baie de Somme10 km de Saint-Valery proche de la c\u00f4te et l'estuaire,","robots":{"index":"index","follow":"follow","max-snippet":"max-snippet:-1","max-image-preview":"max-image-preview:large","max-video-preview":"max-video-preview:-1"},"canonical":"https:\/\/www.chateaudeslys.com\/fr\/chambres-gites-au-baie-de-somme\/","og_locale":"nl_NL","og_type":"article","og_title":"Chambres & Gites au Baie de Somme Picardie Mer Chateau des Lys","og_description":"Bienvenue au Ch\u00e2teau des Lys- chambres et g\u00eetes au Baie de Somme10 km de Saint-Valery proche de la c\u00f4te et l'estuaire,","og_url":"https:\/\/www.chateaudeslys.com\/fr\/chambres-gites-au-baie-de-somme\/","og_site_name":"Escape To Chateau DIY - Gaan trouwen? Maak het perfect en onvergetelijk","article_publisher":"https:\/\/www.facebook.com\/chateaudeslysfr\/","article_modified_time":"2021-12-19T15:19:47+00:00","twitter_card":"summary_large_image","twitter_site":"@ChateaudeslysEn","twitter_misc":{"Geschatte leestijd":"16 minuten"},"schema":{"@context":"https:\/\/schema.org","@graph":[{"@type":"WebSite","@id":"https:\/\/www.chateaudeslys.com\/fr\/#website","url":"https:\/\/www.chateaudeslys.com\/fr\/","name":"Escape To Chateau DIY - Gaan trouwen? Maak het perfect en onvergetelijk","description":"Een ideale plek om te ontsnappen, te ontspannen en weg te zijn van alle Somme-vallei tijdens vakanties.","potentialAction":[{"@type":"SearchAction","target":{"@type":"EntryPoint","urlTemplate":"https:\/\/www.chateaudeslys.com\/fr\/?s={search_term_string}"},"query-input":"required name=search_term_string"}],"inLanguage":"nl"},{"@type":"WebPage","@id":"https:\/\/www.chateaudeslys.com\/fr\/chambres-gites-au-baie-de-somme\/#webpage","url":"https:\/\/www.chateaudeslys.com\/fr\/chambres-gites-au-baie-de-somme\/","name":"Chambres & Gites au Baie de Somme Picardie Mer Chateau des Lys","isPartOf":{"@id":"https:\/\/www.chateaudeslys.com\/fr\/#website"},"datePublished":"2013-02-02T15:34:46+00:00","dateModified":"2021-12-19T15:19:47+00:00","description":"Bienvenue au Ch\u00e2teau des Lys- chambres et g\u00eetes au Baie de Somme10 km de Saint-Valery proche de la c\u00f4te et l'estuaire,","breadcrumb":{"@id":"https:\/\/www.chateaudeslys.com\/fr\/chambres-gites-au-baie-de-somme\/#breadcrumb"},"inLanguage":"nl","potentialAction":[{"@type":"ReadAction","target":["https:\/\/www.chateaudeslys.com\/fr\/chambres-gites-au-baie-de-somme\/"]}]},{"@type":"BreadcrumbList","@id":"https:\/\/www.chateaudeslys.com\/fr\/chambres-gites-au-baie-de-somme\/#breadcrumb","itemListElement":[{"@type":"ListItem","position":1,"name":"Home","item":"https:\/\/www.chateaudeslys.com\/"},{"@type":"ListItem","position":2,"name":"G\u00eetes"}]}]}},"_links":{"self":[{"href":"https:\/\/www.chateaudeslys.com\/nl\/wp-json\/wp\/v2\/pages\/42"}],"collection":[{"href":"https:\/\/www.chateaudeslys.com\/nl\/wp-json\/wp\/v2\/pages"}],"about":[{"href":"https:\/\/www.chateaudeslys.com\/nl\/wp-json\/wp\/v2\/types\/page"}],"author":[{"embeddable":true,"href":"https:\/\/www.chateaudeslys.com\/nl\/wp-json\/wp\/v2\/users\/1"}],"replies":[{"embeddable":true,"href":"https:\/\/www.chateaudeslys.com\/nl\/wp-json\/wp\/v2\/comments?post=42"}],"version-history":[{"count":45,"href":"https:\/\/www.chateaudeslys.com\/nl\/wp-json\/wp\/v2\/pages\/42\/revisions"}],"predecessor-version":[{"id":2632,"href":"https:\/\/www.chateaudeslys.com\/nl\/wp-json\/wp\/v2\/pages\/42\/revisions\/2632"}],"wp:attachment":[{"href":"https:\/\/www.chateaudeslys.com\/nl\/wp-json\/wp\/v2\/media?parent=42"}],"curies":[{"name":"wp","href":"https:\/\/api.w.org\/{rel}","templated":true}]}}